{"id":468,"date":"2026-02-12T12:05:03","date_gmt":"2026-02-12T12:05:03","guid":{"rendered":"https:\/\/quanyisports.com\/?post_type=product&#038;p=468"},"modified":"2026-02-12T12:09:33","modified_gmt":"2026-02-12T12:09:33","slug":"hard-chrome-barbell","status":"publish","type":"product","link":"https:\/\/quanyisports.com\/pt\/produto\/hard-chrome-barbell\/","title":{"rendered":"barra cromada r\u00edgida"},"content":{"rendered":"<p><strong><b>Materiais:\u00a0<\/b><\/strong>A\u00e7o mola de sil\u00edcio-mangan\u00eas<\/p>\n<p><strong><b>Terminar:\u00a0<\/b><\/strong>Cromo duro<\/p>\n<p><strong><b>Comprimento da barra:\u00a0<\/b><\/strong>7\u2032 \/ 86\u2033 \/ 2200 mm<\/p>\n<p><strong><b>Di\u00e2metro:\u00a0<\/b><\/strong>28,5 mm<\/p>\n<p><strong><b>Peso da barra:\u00a0<\/b><\/strong>20 kg \/ 44 libras<\/p>\n<p><strong><b>Resist\u00eancia \u00e0 trac\u00e7\u00e3o:\u00a0<\/b><\/strong>190.000 PSI<\/p>\n<p><strong><b>Recartilhado:\u00a0<\/b><\/strong>6<\/p>\n<p><strong><b>Capacidade de carga:\u00a0<\/b><\/strong>1500 libras<\/p>\n<p><strong><b>Conjunto de barras cromadas:\u00a0<\/b><\/strong>8HK (39*17*28) + 2 Sleeves (39,4*14*28,4) + Colares + Cart\u00e3o Final de Alum\u00ednio OEM<\/p>\n<p>Categorias:\u00a0<u>Barras de halteres por atacado<\/u>,\u00a0<u>Lista de pesos livres<\/u>,\u00a0<u>Barra multifuncional<\/u>\u00a0Marca\u00e7\u00e3o:\u00a0<u>Barra<\/u><\/p>\n<p><img loading=\"lazy\" decoding=\"async\" class=\"aligncenter size-full wp-image-464\" src=\"https:\/\/quanyisports.com\/wp-content\/uploads\/2026\/02\/hard-chrome-barbell.webp\" alt=\"\" width=\"1000\" height=\"1000\" srcset=\"https:\/\/quanyisports.com\/wp-content\/uploads\/2026\/02\/hard-chrome-barbell.webp 1000w, https:\/\/quanyisports.com\/wp-content\/uploads\/2026\/02\/hard-chrome-barbell-500x500.webp 500w, https:\/\/quanyisports.com\/wp-content\/uploads\/2026\/02\/hard-chrome-barbell-300x300.webp 300w, https:\/\/quanyisports.com\/wp-content\/uploads\/2026\/02\/hard-chrome-barbell-768x768.webp 768w, https:\/\/quanyisports.com\/wp-content\/uploads\/2026\/02\/hard-chrome-barbell-150x150.webp 150w, https:\/\/quanyisports.com\/wp-content\/uploads\/2026\/02\/hard-chrome-barbell-75x75.webp 75w, https:\/\/quanyisports.com\/wp-content\/uploads\/2026\/02\/hard-chrome-barbell-480x480.webp 480w, https:\/\/quanyisports.com\/wp-content\/uploads\/2026\/02\/hard-chrome-barbell-800x800.webp 800w\" sizes=\"auto, (max-width:767px) 480px, (max-width:1000px) 100vw, 1000px\" \/><\/p>","protected":false},"excerpt":{"rendered":"<h4>Barra de muscula\u00e7\u00e3o cromada r\u00edgida \u2013 2,13 m (7 p\u00e9s), 680 kg (1500 lb)<\/h4>\n<div id=\"gtx-anchor\" style=\"position: absolute; visibility: hidden; left: 10px; top: 16.5px; width: 368.992px; height: 19.5px;\"><\/div>\n<div class=\"jfk-bubble gtx-bubble\" style=\"visibility: visible; left: 180px; top: 47px; opacity: 1;\" role=\"alertdialog\" aria-describedby=\"bubble-2\">\n<div id=\"bubble-2\" class=\"jfk-bubble-content-id\">\n<div id=\"gtx-host\" style=\"min-width: 200px; max-width: 400px;\"><\/div>\n<\/div>\n<div class=\"jfk-bubble-closebtn-id jfk-bubble-closebtn\" tabindex=\"0\" role=\"button\" aria-label=\"Fechar\"><\/div>\n<div class=\"jfk-bubble-arrow-id jfk-bubble-arrow jfk-bubble-arrowup\" style=\"left: 184.5px;\">\n<div class=\"jfk-bubble-arrowimplbefore\"><\/div>\n<div class=\"jfk-bubble-arrowimplafter\"><\/div>\n<\/div>\n<\/div>","protected":false},"featured_media":464,"template":"","meta":[],"product_brand":[],"product_cat":[28],"product_tag":[],"class_list":{"0":"post-468","1":"product","2":"type-product","3":"status-publish","4":"has-post-thumbnail","6":"product_cat-barbells","8":"first","9":"instock","10":"shipping-taxable","11":"product-type-external"},"yoast_head":"<!-- This site is optimized with the Yoast SEO plugin v26.6 - https:\/\/yoast.com\/wordpress\/plugins\/seo\/ -->\n<title>Hard chrome barbell - Hebei Quanquan International Trade Co., Ltd.<\/title>\n<meta name=\"robots\" content=\"index, follow, max-snippet:-1, max-image-preview:large, max-video-preview:-1\" \/>\n<link rel=\"canonical\" href=\"https:\/\/quanyisports.com\/pt\/produto\/hard-chrome-barbell\/\" \/>\n<meta property=\"og:locale\" content=\"pt_PT\" \/>\n<meta property=\"og:type\" content=\"article\" \/>\n<meta property=\"og:title\" content=\"Hard chrome barbell - Hebei Quanquan International Trade Co., Ltd.\" \/>\n<meta property=\"og:description\" content=\"Hard Chrome Barbell Bar \u2013 7 FT, 1500 LB\" \/>\n<meta property=\"og:url\" content=\"https:\/\/quanyisports.com\/pt\/produto\/hard-chrome-barbell\/\" \/>\n<meta property=\"og:site_name\" content=\"Hebei Quanquan International Trade Co., Ltd.\" \/>\n<meta property=\"article:modified_time\" content=\"2026-02-12T12:09:33+00:00\" \/>\n<meta property=\"og:image\" content=\"https:\/\/quanyisports.com\/wp-content\/uploads\/2026\/02\/hard-chrome-barbell.webp\" \/>\n\t<meta property=\"og:image:width\" content=\"1000\" \/>\n\t<meta property=\"og:image:height\" content=\"1000\" \/>\n\t<meta property=\"og:image:type\" content=\"image\/webp\" \/>\n<meta name=\"twitter:card\" content=\"summary_large_image\" \/>\n<meta name=\"twitter:label1\" content=\"Tempo estimado de leitura\" \/>\n\t<meta name=\"twitter:data1\" content=\"1 minuto\" \/>\n<script type=\"application\/ld+json\" class=\"yoast-schema-graph\">{\"@context\":\"https:\/\/schema.org\",\"@graph\":[{\"@type\":\"WebPage\",\"@id\":\"https:\/\/quanyisports.com\/product\/hard-chrome-barbell\/\",\"url\":\"https:\/\/quanyisports.com\/product\/hard-chrome-barbell\/\",\"name\":\"Hard chrome barbell - Hebei Quanquan International Trade Co., Ltd.\",\"isPartOf\":{\"@id\":\"https:\/\/quanyisports.com\/#website\"},\"primaryImageOfPage\":{\"@id\":\"https:\/\/quanyisports.com\/product\/hard-chrome-barbell\/#primaryimage\"},\"image\":{\"@id\":\"https:\/\/quanyisports.com\/product\/hard-chrome-barbell\/#primaryimage\"},\"thumbnailUrl\":\"https:\/\/quanyisports.com\/wp-content\/uploads\/2026\/02\/hard-chrome-barbell.webp\",\"datePublished\":\"2026-02-12T12:05:03+00:00\",\"dateModified\":\"2026-02-12T12:09:33+00:00\",\"breadcrumb\":{\"@id\":\"https:\/\/quanyisports.com\/product\/hard-chrome-barbell\/#breadcrumb\"},\"inLanguage\":\"pt-PT\",\"potentialAction\":[{\"@type\":\"ReadAction\",\"target\":[\"https:\/\/quanyisports.com\/product\/hard-chrome-barbell\/\"]}]},{\"@type\":\"ImageObject\",\"inLanguage\":\"pt-PT\",\"@id\":\"https:\/\/quanyisports.com\/product\/hard-chrome-barbell\/#primaryimage\",\"url\":\"https:\/\/quanyisports.com\/wp-content\/uploads\/2026\/02\/hard-chrome-barbell.webp\",\"contentUrl\":\"https:\/\/quanyisports.com\/wp-content\/uploads\/2026\/02\/hard-chrome-barbell.webp\",\"width\":1000,\"height\":1000},{\"@type\":\"BreadcrumbList\",\"@id\":\"https:\/\/quanyisports.com\/product\/hard-chrome-barbell\/#breadcrumb\",\"itemListElement\":[{\"@type\":\"ListItem\",\"position\":1,\"name\":\"Home\",\"item\":\"https:\/\/quanyisports.com\/\"},{\"@type\":\"ListItem\",\"position\":2,\"name\":\"Product\",\"item\":\"https:\/\/quanyisports.com\/product\/\"},{\"@type\":\"ListItem\",\"position\":3,\"name\":\"Hard chrome barbell\"}]},{\"@type\":\"WebSite\",\"@id\":\"https:\/\/quanyisports.com\/#website\",\"url\":\"https:\/\/quanyisports.com\/\",\"name\":\"Hebei Quanquan International Trade Co., Ltd.\",\"description\":\"Hebei Quanquan International Trade Co., Ltd.\",\"potentialAction\":[{\"@type\":\"SearchAction\",\"target\":{\"@type\":\"EntryPoint\",\"urlTemplate\":\"https:\/\/quanyisports.com\/?s={search_term_string}\"},\"query-input\":{\"@type\":\"PropertyValueSpecification\",\"valueRequired\":true,\"valueName\":\"search_term_string\"}}],\"inLanguage\":\"pt-PT\"}]}<\/script>\n<!-- \/ Yoast SEO plugin. -->","yoast_head_json":{"title":"Hard chrome barbell - Hebei Quanquan International Trade Co., Ltd.","robots":{"index":"index","follow":"follow","max-snippet":"max-snippet:-1","max-image-preview":"max-image-preview:large","max-video-preview":"max-video-preview:-1"},"canonical":"https:\/\/quanyisports.com\/pt\/produto\/hard-chrome-barbell\/","og_locale":"pt_PT","og_type":"article","og_title":"Hard chrome barbell - Hebei Quanquan International Trade Co., Ltd.","og_description":"Hard Chrome Barbell Bar \u2013 7 FT, 1500 LB","og_url":"https:\/\/quanyisports.com\/pt\/produto\/hard-chrome-barbell\/","og_site_name":"Hebei Quanquan International Trade Co., Ltd.","article_modified_time":"2026-02-12T12:09:33+00:00","og_image":[{"width":1000,"height":1000,"url":"https:\/\/quanyisports.com\/wp-content\/uploads\/2026\/02\/hard-chrome-barbell.webp","type":"image\/webp"}],"twitter_card":"summary_large_image","twitter_misc":{"Tempo estimado de leitura":"1 minuto"},"schema":{"@context":"https:\/\/schema.org","@graph":[{"@type":"WebPage","@id":"https:\/\/quanyisports.com\/product\/hard-chrome-barbell\/","url":"https:\/\/quanyisports.com\/product\/hard-chrome-barbell\/","name":"Hard chrome barbell - Hebei Quanquan International Trade Co., Ltd.","isPartOf":{"@id":"https:\/\/quanyisports.com\/#website"},"primaryImageOfPage":{"@id":"https:\/\/quanyisports.com\/product\/hard-chrome-barbell\/#primaryimage"},"image":{"@id":"https:\/\/quanyisports.com\/product\/hard-chrome-barbell\/#primaryimage"},"thumbnailUrl":"https:\/\/quanyisports.com\/wp-content\/uploads\/2026\/02\/hard-chrome-barbell.webp","datePublished":"2026-02-12T12:05:03+00:00","dateModified":"2026-02-12T12:09:33+00:00","breadcrumb":{"@id":"https:\/\/quanyisports.com\/product\/hard-chrome-barbell\/#breadcrumb"},"inLanguage":"pt-PT","potentialAction":[{"@type":"ReadAction","target":["https:\/\/quanyisports.com\/product\/hard-chrome-barbell\/"]}]},{"@type":"ImageObject","inLanguage":"pt-PT","@id":"https:\/\/quanyisports.com\/product\/hard-chrome-barbell\/#primaryimage","url":"https:\/\/quanyisports.com\/wp-content\/uploads\/2026\/02\/hard-chrome-barbell.webp","contentUrl":"https:\/\/quanyisports.com\/wp-content\/uploads\/2026\/02\/hard-chrome-barbell.webp","width":1000,"height":1000},{"@type":"BreadcrumbList","@id":"https:\/\/quanyisports.com\/product\/hard-chrome-barbell\/#breadcrumb","itemListElement":[{"@type":"ListItem","position":1,"name":"Home","item":"https:\/\/quanyisports.com\/"},{"@type":"ListItem","position":2,"name":"Product","item":"https:\/\/quanyisports.com\/product\/"},{"@type":"ListItem","position":3,"name":"Hard chrome barbell"}]},{"@type":"WebSite","@id":"https:\/\/quanyisports.com\/#website","url":"https:\/\/quanyisports.com\/","name":"Hebei Quanquan International Trade Co., Ltd.","description":"Hebei Quanquan International Trade Co., Ltd.","potentialAction":[{"@type":"SearchAction","target":{"@type":"EntryPoint","urlTemplate":"https:\/\/quanyisports.com\/?s={search_term_string}"},"query-input":{"@type":"PropertyValueSpecification","valueRequired":true,"valueName":"search_term_string"}}],"inLanguage":"pt-PT"}]}},"_links":{"self":[{"href":"https:\/\/quanyisports.com\/pt\/wp-json\/wp\/v2\/product\/468","targetHints":{"allow":["GET"]}}],"collection":[{"href":"https:\/\/quanyisports.com\/pt\/wp-json\/wp\/v2\/product"}],"about":[{"href":"https:\/\/quanyisports.com\/pt\/wp-json\/wp\/v2\/types\/product"}],"wp:featuredmedia":[{"embeddable":true,"href":"https:\/\/quanyisports.com\/pt\/wp-json\/wp\/v2\/media\/464"}],"wp:attachment":[{"href":"https:\/\/quanyisports.com\/pt\/wp-json\/wp\/v2\/media?parent=468"}],"wp:term":[{"taxonomy":"product_brand","embeddable":true,"href":"https:\/\/quanyisports.com\/pt\/wp-json\/wp\/v2\/product_brand?post=468"},{"taxonomy":"product_cat","embeddable":true,"href":"https:\/\/quanyisports.com\/pt\/wp-json\/wp\/v2\/product_cat?post=468"},{"taxonomy":"product_tag","embeddable":true,"href":"https:\/\/quanyisports.com\/pt\/wp-json\/wp\/v2\/product_tag?post=468"}],"curies":[{"name":"wp","href":"https:\/\/api.w.org\/{rel}","templated":true}]}}