{"id":473,"date":"2026-02-12T12:11:59","date_gmt":"2026-02-12T12:11:59","guid":{"rendered":"https:\/\/quanyisports.com\/?post_type=product&#038;p=473"},"modified":"2026-04-09T03:58:26","modified_gmt":"2026-04-09T03:58:26","slug":"combat-training-protective-gear-set","status":"publish","type":"product","link":"https:\/\/quanyisports.com\/pt\/produto\/combat-training-protective-gear-set\/","title":{"rendered":"Conjunto de equipamentos de prote\u00e7\u00e3o para treinamento de combate"},"content":{"rendered":"<p>Product Size: S\/M\/L<\/p>\n<p>Colors: Red\/Blue\/Black. Custom colors and logos are available.<\/p>\n<p>Material: Durable PU leather with molded padding inside to protect the groin area, and thickened EVA foam for extra impact protection.<\/p>\n<p>Function: Training and competition protective gear to protect joints and prevent injury.<\/p>\n<p><img loading=\"lazy\" decoding=\"async\" class=\"aligncenter size-full wp-image-565\" src=\"https:\/\/quanyisports.com\/wp-content\/uploads\/2026\/02\/\u672a\u6807\u9898-1.png\" alt=\"\" width=\"1600\" height=\"1600\" srcset=\"https:\/\/quanyisports.com\/wp-content\/uploads\/2026\/02\/\u672a\u6807\u9898-1.png 1600w, https:\/\/quanyisports.com\/wp-content\/uploads\/2026\/02\/\u672a\u6807\u9898-1-500x500.png 500w, https:\/\/quanyisports.com\/wp-content\/uploads\/2026\/02\/\u672a\u6807\u9898-1-1200x1200.png 1200w, https:\/\/quanyisports.com\/wp-content\/uploads\/2026\/02\/\u672a\u6807\u9898-1-300x300.png 300w, https:\/\/quanyisports.com\/wp-content\/uploads\/2026\/02\/\u672a\u6807\u9898-1-768x768.png 768w, https:\/\/quanyisports.com\/wp-content\/uploads\/2026\/02\/\u672a\u6807\u9898-1-1536x1536.png 1536w, https:\/\/quanyisports.com\/wp-content\/uploads\/2026\/02\/\u672a\u6807\u9898-1-12x12.png 12w, https:\/\/quanyisports.com\/wp-content\/uploads\/2026\/02\/\u672a\u6807\u9898-1-150x150.png 150w, https:\/\/quanyisports.com\/wp-content\/uploads\/2026\/02\/\u672a\u6807\u9898-1-75x75.png 75w, https:\/\/quanyisports.com\/wp-content\/uploads\/2026\/02\/\u672a\u6807\u9898-1-480x480.png 480w, https:\/\/quanyisports.com\/wp-content\/uploads\/2026\/02\/\u672a\u6807\u9898-1-800x800.png 800w\" sizes=\"auto, (max-width:767px) 480px, (max-width:1600px) 100vw, 1600px\" \/> <img loading=\"lazy\" decoding=\"async\" class=\"aligncenter size-full wp-image-563\" src=\"https:\/\/quanyisports.com\/wp-content\/uploads\/2026\/02\/3.png\" alt=\"\" width=\"1600\" height=\"1600\" srcset=\"https:\/\/quanyisports.com\/wp-content\/uploads\/2026\/02\/3.png 1600w, https:\/\/quanyisports.com\/wp-content\/uploads\/2026\/02\/3-500x500.png 500w, https:\/\/quanyisports.com\/wp-content\/uploads\/2026\/02\/3-1200x1200.png 1200w, https:\/\/quanyisports.com\/wp-content\/uploads\/2026\/02\/3-300x300.png 300w, https:\/\/quanyisports.com\/wp-content\/uploads\/2026\/02\/3-768x768.png 768w, https:\/\/quanyisports.com\/wp-content\/uploads\/2026\/02\/3-1536x1536.png 1536w, https:\/\/quanyisports.com\/wp-content\/uploads\/2026\/02\/3-12x12.png 12w, https:\/\/quanyisports.com\/wp-content\/uploads\/2026\/02\/3-150x150.png 150w, https:\/\/quanyisports.com\/wp-content\/uploads\/2026\/02\/3-75x75.png 75w, https:\/\/quanyisports.com\/wp-content\/uploads\/2026\/02\/3-480x480.png 480w, https:\/\/quanyisports.com\/wp-content\/uploads\/2026\/02\/3-800x800.png 800w\" sizes=\"auto, (max-width:767px) 480px, (max-width:1600px) 100vw, 1600px\" \/><img loading=\"lazy\" decoding=\"async\" class=\"aligncenter size-full wp-image-562\" src=\"https:\/\/quanyisports.com\/wp-content\/uploads\/2026\/02\/2.png\" alt=\"\" width=\"1600\" height=\"1600\" srcset=\"https:\/\/quanyisports.com\/wp-content\/uploads\/2026\/02\/2.png 1600w, https:\/\/quanyisports.com\/wp-content\/uploads\/2026\/02\/2-500x500.png 500w, https:\/\/quanyisports.com\/wp-content\/uploads\/2026\/02\/2-1200x1200.png 1200w, https:\/\/quanyisports.com\/wp-content\/uploads\/2026\/02\/2-300x300.png 300w, https:\/\/quanyisports.com\/wp-content\/uploads\/2026\/02\/2-768x768.png 768w, https:\/\/quanyisports.com\/wp-content\/uploads\/2026\/02\/2-1536x1536.png 1536w, https:\/\/quanyisports.com\/wp-content\/uploads\/2026\/02\/2-12x12.png 12w, https:\/\/quanyisports.com\/wp-content\/uploads\/2026\/02\/2-150x150.png 150w, https:\/\/quanyisports.com\/wp-content\/uploads\/2026\/02\/2-75x75.png 75w, https:\/\/quanyisports.com\/wp-content\/uploads\/2026\/02\/2-480x480.png 480w, https:\/\/quanyisports.com\/wp-content\/uploads\/2026\/02\/2-800x800.png 800w\" sizes=\"auto, (max-width:767px) 480px, (max-width:1600px) 100vw, 1600px\" \/><\/p>","protected":false},"excerpt":{"rendered":"<h4><span style=\"font-size: 14px;\">\ud83c\udfcb\ufe0fAmpla variedade de equipamentos de gin\u00e1stica<\/span><\/h4>\n<div class=\"jfk-bubble gtx-bubble\" style=\"visibility: visible; left: -128px; top: 65px; opacity: 1;\" role=\"alertdialog\" aria-describedby=\"bubble-2\">\n<div id=\"bubble-2\" class=\"jfk-bubble-content-id\">\n<div id=\"gtx-host\" style=\"min-width: 200px; max-width: 400px;\">\n<div data-page-id=\"UpwMdjUMpoJR2txgmVEcjY7Anyc\" data-lark-html-role=\"root\" data-docx-has-block-data=\"false\">\n<div class=\"ace-line ace-line old-record-id-IAi7dAJUBoosBFx8C6ccEN8vnUg\">\ud83c\udfa8Possu\u00edmos linhas de produ\u00e7\u00e3o e f\u00e1bricas completas, e podemos personalizar produtos de acordo com as suas necessidades.<\/div>\n<div><\/div>\n<div class=\"ace-line ace-line old-record-id-J6sqdjOxfowR4IxDHEmcfzgtn6c\">\ud83d\udce6 Pre\u00e7os de atacado<\/div>\n<div><\/div>\n<div class=\"ace-line ace-line old-record-id-OwZwd8tjEoa1LfxKLEAcb0FUncj\">\u26a1 Garantia de resposta em 24 horas<\/div>\n<div><\/div>\n<div class=\"ace-line ace-line old-record-id-C3abdXnjlo5sqCxo33kcTomEnbc\">\ud83c\udf0e Envio internacional dispon\u00edvel<\/div>\n<\/div>\n<\/div>\n<\/div>\n<div class=\"jfk-bubble-closebtn-id jfk-bubble-closebtn\" tabindex=\"0\" role=\"button\" aria-label=\"\u5173\u95ed\"><\/div>\n<div class=\"jfk-bubble-arrow-id jfk-bubble-arrow jfk-bubble-arrowup\" style=\"left: 436.5px;\">\n<div class=\"jfk-bubble-arrowimplbefore\"><\/div>\n<div class=\"jfk-bubble-arrowimplafter\"><\/div>\n<\/div>\n<\/div>","protected":false},"featured_media":463,"template":"","meta":[],"product_brand":[],"product_cat":[31],"product_tag":[],"class_list":{"0":"post-473","1":"product","2":"type-product","3":"status-publish","4":"has-post-thumbnail","6":"product_cat-martial-arts-gear","8":"first","9":"instock","10":"shipping-taxable","11":"product-type-external"},"yoast_head":"<!-- This site is optimized with the Yoast SEO plugin v26.6 - https:\/\/yoast.com\/wordpress\/plugins\/seo\/ -->\n<title>Combat training protective gear set - Hebei Quanquan International Trade Co., Ltd.<\/title>\n<meta name=\"robots\" content=\"index, follow, max-snippet:-1, max-image-preview:large, max-video-preview:-1\" \/>\n<link rel=\"canonical\" href=\"https:\/\/quanyisports.com\/pt\/produto\/combat-training-protective-gear-set\/\" \/>\n<meta property=\"og:locale\" content=\"pt_PT\" \/>\n<meta property=\"og:type\" content=\"article\" \/>\n<meta property=\"og:title\" content=\"Combat training protective gear set - Hebei Quanquan International Trade Co., Ltd.\" \/>\n<meta property=\"og:description\" content=\"&#x1f3cb;&#xfe0f;Wide range of fitness equipment     &#x1f3a8;We have complete production lines and factories, and can customize products to your needs  &#x1f4e6; wholesale pricing  &#x26a1; 24-hour response guarantee  &#x1f30e; Worldwide shipping available\" \/>\n<meta property=\"og:url\" content=\"https:\/\/quanyisports.com\/pt\/produto\/combat-training-protective-gear-set\/\" \/>\n<meta property=\"og:site_name\" content=\"Hebei Quanquan International Trade Co., Ltd.\" \/>\n<meta property=\"article:modified_time\" content=\"2026-04-09T03:58:26+00:00\" \/>\n<meta property=\"og:image\" content=\"https:\/\/quanyisports.com\/wp-content\/uploads\/2026\/02\/combat-training-protective-gear-setS.webp\" \/>\n\t<meta property=\"og:image:width\" content=\"1000\" \/>\n\t<meta property=\"og:image:height\" content=\"1000\" \/>\n\t<meta property=\"og:image:type\" content=\"image\/webp\" \/>\n<meta name=\"twitter:card\" content=\"summary_large_image\" \/>\n<meta name=\"twitter:label1\" content=\"Tempo estimado de leitura\" \/>\n\t<meta name=\"twitter:data1\" content=\"1 minuto\" \/>\n<script type=\"application\/ld+json\" class=\"yoast-schema-graph\">{\"@context\":\"https:\/\/schema.org\",\"@graph\":[{\"@type\":\"WebPage\",\"@id\":\"https:\/\/quanyisports.com\/product\/combat-training-protective-gear-set\/\",\"url\":\"https:\/\/quanyisports.com\/product\/combat-training-protective-gear-set\/\",\"name\":\"Combat training protective gear set - Hebei Quanquan International Trade Co., Ltd.\",\"isPartOf\":{\"@id\":\"https:\/\/quanyisports.com\/#website\"},\"primaryImageOfPage\":{\"@id\":\"https:\/\/quanyisports.com\/product\/combat-training-protective-gear-set\/#primaryimage\"},\"image\":{\"@id\":\"https:\/\/quanyisports.com\/product\/combat-training-protective-gear-set\/#primaryimage\"},\"thumbnailUrl\":\"https:\/\/quanyisports.com\/wp-content\/uploads\/2026\/02\/combat-training-protective-gear-setS.webp\",\"datePublished\":\"2026-02-12T12:11:59+00:00\",\"dateModified\":\"2026-04-09T03:58:26+00:00\",\"breadcrumb\":{\"@id\":\"https:\/\/quanyisports.com\/product\/combat-training-protective-gear-set\/#breadcrumb\"},\"inLanguage\":\"pt-PT\",\"potentialAction\":[{\"@type\":\"ReadAction\",\"target\":[\"https:\/\/quanyisports.com\/product\/combat-training-protective-gear-set\/\"]}]},{\"@type\":\"ImageObject\",\"inLanguage\":\"pt-PT\",\"@id\":\"https:\/\/quanyisports.com\/product\/combat-training-protective-gear-set\/#primaryimage\",\"url\":\"https:\/\/quanyisports.com\/wp-content\/uploads\/2026\/02\/combat-training-protective-gear-setS.webp\",\"contentUrl\":\"https:\/\/quanyisports.com\/wp-content\/uploads\/2026\/02\/combat-training-protective-gear-setS.webp\",\"width\":1000,\"height\":1000},{\"@type\":\"BreadcrumbList\",\"@id\":\"https:\/\/quanyisports.com\/product\/combat-training-protective-gear-set\/#breadcrumb\",\"itemListElement\":[{\"@type\":\"ListItem\",\"position\":1,\"name\":\"Home\",\"item\":\"https:\/\/quanyisports.com\/\"},{\"@type\":\"ListItem\",\"position\":2,\"name\":\"Product\",\"item\":\"https:\/\/quanyisports.com\/product\/\"},{\"@type\":\"ListItem\",\"position\":3,\"name\":\"Combat training protective gear set\"}]},{\"@type\":\"WebSite\",\"@id\":\"https:\/\/quanyisports.com\/#website\",\"url\":\"https:\/\/quanyisports.com\/\",\"name\":\"Hebei Quanquan International Trade Co., Ltd.\",\"description\":\"Hebei Quanquan International Trade Co., Ltd.\",\"potentialAction\":[{\"@type\":\"SearchAction\",\"target\":{\"@type\":\"EntryPoint\",\"urlTemplate\":\"https:\/\/quanyisports.com\/?s={search_term_string}\"},\"query-input\":{\"@type\":\"PropertyValueSpecification\",\"valueRequired\":true,\"valueName\":\"search_term_string\"}}],\"inLanguage\":\"pt-PT\"}]}<\/script>\n<!-- \/ Yoast SEO plugin. -->","yoast_head_json":{"title":"Combat training protective gear set - Hebei Quanquan International Trade Co., Ltd.","robots":{"index":"index","follow":"follow","max-snippet":"max-snippet:-1","max-image-preview":"max-image-preview:large","max-video-preview":"max-video-preview:-1"},"canonical":"https:\/\/quanyisports.com\/pt\/produto\/combat-training-protective-gear-set\/","og_locale":"pt_PT","og_type":"article","og_title":"Combat training protective gear set - Hebei Quanquan International Trade Co., Ltd.","og_description":"&#x1f3cb;&#xfe0f;Wide range of fitness equipment     &#x1f3a8;We have complete production lines and factories, and can customize products to your needs  &#x1f4e6; wholesale pricing  &#x26a1; 24-hour response guarantee  &#x1f30e; Worldwide shipping available","og_url":"https:\/\/quanyisports.com\/pt\/produto\/combat-training-protective-gear-set\/","og_site_name":"Hebei Quanquan International Trade Co., Ltd.","article_modified_time":"2026-04-09T03:58:26+00:00","og_image":[{"width":1000,"height":1000,"url":"https:\/\/quanyisports.com\/wp-content\/uploads\/2026\/02\/combat-training-protective-gear-setS.webp","type":"image\/webp"}],"twitter_card":"summary_large_image","twitter_misc":{"Tempo estimado de leitura":"1 minuto"},"schema":{"@context":"https:\/\/schema.org","@graph":[{"@type":"WebPage","@id":"https:\/\/quanyisports.com\/product\/combat-training-protective-gear-set\/","url":"https:\/\/quanyisports.com\/product\/combat-training-protective-gear-set\/","name":"Combat training protective gear set - Hebei Quanquan International Trade Co., Ltd.","isPartOf":{"@id":"https:\/\/quanyisports.com\/#website"},"primaryImageOfPage":{"@id":"https:\/\/quanyisports.com\/product\/combat-training-protective-gear-set\/#primaryimage"},"image":{"@id":"https:\/\/quanyisports.com\/product\/combat-training-protective-gear-set\/#primaryimage"},"thumbnailUrl":"https:\/\/quanyisports.com\/wp-content\/uploads\/2026\/02\/combat-training-protective-gear-setS.webp","datePublished":"2026-02-12T12:11:59+00:00","dateModified":"2026-04-09T03:58:26+00:00","breadcrumb":{"@id":"https:\/\/quanyisports.com\/product\/combat-training-protective-gear-set\/#breadcrumb"},"inLanguage":"pt-PT","potentialAction":[{"@type":"ReadAction","target":["https:\/\/quanyisports.com\/product\/combat-training-protective-gear-set\/"]}]},{"@type":"ImageObject","inLanguage":"pt-PT","@id":"https:\/\/quanyisports.com\/product\/combat-training-protective-gear-set\/#primaryimage","url":"https:\/\/quanyisports.com\/wp-content\/uploads\/2026\/02\/combat-training-protective-gear-setS.webp","contentUrl":"https:\/\/quanyisports.com\/wp-content\/uploads\/2026\/02\/combat-training-protective-gear-setS.webp","width":1000,"height":1000},{"@type":"BreadcrumbList","@id":"https:\/\/quanyisports.com\/product\/combat-training-protective-gear-set\/#breadcrumb","itemListElement":[{"@type":"ListItem","position":1,"name":"Home","item":"https:\/\/quanyisports.com\/"},{"@type":"ListItem","position":2,"name":"Product","item":"https:\/\/quanyisports.com\/product\/"},{"@type":"ListItem","position":3,"name":"Combat training protective gear set"}]},{"@type":"WebSite","@id":"https:\/\/quanyisports.com\/#website","url":"https:\/\/quanyisports.com\/","name":"Hebei Quanquan International Trade Co., Ltd.","description":"Hebei Quanquan International Trade Co., Ltd.","potentialAction":[{"@type":"SearchAction","target":{"@type":"EntryPoint","urlTemplate":"https:\/\/quanyisports.com\/?s={search_term_string}"},"query-input":{"@type":"PropertyValueSpecification","valueRequired":true,"valueName":"search_term_string"}}],"inLanguage":"pt-PT"}]}},"_links":{"self":[{"href":"https:\/\/quanyisports.com\/pt\/wp-json\/wp\/v2\/product\/473","targetHints":{"allow":["GET"]}}],"collection":[{"href":"https:\/\/quanyisports.com\/pt\/wp-json\/wp\/v2\/product"}],"about":[{"href":"https:\/\/quanyisports.com\/pt\/wp-json\/wp\/v2\/types\/product"}],"wp:featuredmedia":[{"embeddable":true,"href":"https:\/\/quanyisports.com\/pt\/wp-json\/wp\/v2\/media\/463"}],"wp:attachment":[{"href":"https:\/\/quanyisports.com\/pt\/wp-json\/wp\/v2\/media?parent=473"}],"wp:term":[{"taxonomy":"product_brand","embeddable":true,"href":"https:\/\/quanyisports.com\/pt\/wp-json\/wp\/v2\/product_brand?post=473"},{"taxonomy":"product_cat","embeddable":true,"href":"https:\/\/quanyisports.com\/pt\/wp-json\/wp\/v2\/product_cat?post=473"},{"taxonomy":"product_tag","embeddable":true,"href":"https:\/\/quanyisports.com\/pt\/wp-json\/wp\/v2\/product_tag?post=473"}],"curies":[{"name":"wp","href":"https:\/\/api.w.org\/{rel}","templated":true}]}}