{"id":548,"date":"2026-04-09T02:03:57","date_gmt":"2026-04-09T02:03:57","guid":{"rendered":"https:\/\/quanyisports.com\/?post_type=product&#038;p=548"},"modified":"2026-04-09T06:44:39","modified_gmt":"2026-04-09T06:44:39","slug":"boxing-gloves-training-gloves","status":"publish","type":"product","link":"https:\/\/quanyisports.com\/pt\/produto\/boxing-gloves-training-gloves\/","title":{"rendered":"Luvas de boxe, luvas de treino"},"content":{"rendered":"<p><img loading=\"lazy\" decoding=\"async\" class=\"aligncenter size-full wp-image-578\" src=\"https:\/\/quanyisports.com\/wp-content\/uploads\/2026\/04\/7.png\" alt=\"\" width=\"1292\" height=\"290\" srcset=\"https:\/\/quanyisports.com\/wp-content\/uploads\/2026\/04\/7.png 1292w, https:\/\/quanyisports.com\/wp-content\/uploads\/2026\/04\/7-500x112.png 500w, https:\/\/quanyisports.com\/wp-content\/uploads\/2026\/04\/7-1200x269.png 1200w, https:\/\/quanyisports.com\/wp-content\/uploads\/2026\/04\/7-300x67.png 300w, https:\/\/quanyisports.com\/wp-content\/uploads\/2026\/04\/7-768x172.png 768w, https:\/\/quanyisports.com\/wp-content\/uploads\/2026\/04\/7-18x4.png 18w, https:\/\/quanyisports.com\/wp-content\/uploads\/2026\/04\/7-150x34.png 150w, https:\/\/quanyisports.com\/wp-content\/uploads\/2026\/04\/7-480x108.png 480w, https:\/\/quanyisports.com\/wp-content\/uploads\/2026\/04\/7-800x180.png 800w\" sizes=\"auto, (max-width:767px) 480px, (max-width:1292px) 100vw, 1292px\" \/><img loading=\"lazy\" decoding=\"async\" class=\"aligncenter size-full wp-image-572\" src=\"https:\/\/quanyisports.com\/wp-content\/uploads\/2026\/04\/1.png\" alt=\"\" width=\"822\" height=\"651\" srcset=\"https:\/\/quanyisports.com\/wp-content\/uploads\/2026\/04\/1.png 822w, https:\/\/quanyisports.com\/wp-content\/uploads\/2026\/04\/1-500x396.png 500w, https:\/\/quanyisports.com\/wp-content\/uploads\/2026\/04\/1-300x238.png 300w, https:\/\/quanyisports.com\/wp-content\/uploads\/2026\/04\/1-768x608.png 768w, https:\/\/quanyisports.com\/wp-content\/uploads\/2026\/04\/1-15x12.png 15w, https:\/\/quanyisports.com\/wp-content\/uploads\/2026\/04\/1-95x75.png 95w, https:\/\/quanyisports.com\/wp-content\/uploads\/2026\/04\/1-480x380.png 480w, https:\/\/quanyisports.com\/wp-content\/uploads\/2026\/04\/1-800x634.png 800w\" sizes=\"auto, (max-width:767px) 480px, (max-width:822px) 100vw, 822px\" \/> <img loading=\"lazy\" decoding=\"async\" class=\"aligncenter size-full wp-image-574\" src=\"https:\/\/quanyisports.com\/wp-content\/uploads\/2026\/04\/3.png\" alt=\"\" width=\"747\" height=\"632\" srcset=\"https:\/\/quanyisports.com\/wp-content\/uploads\/2026\/04\/3.png 747w, https:\/\/quanyisports.com\/wp-content\/uploads\/2026\/04\/3-500x423.png 500w, https:\/\/quanyisports.com\/wp-content\/uploads\/2026\/04\/3-300x254.png 300w, https:\/\/quanyisports.com\/wp-content\/uploads\/2026\/04\/3-14x12.png 14w, https:\/\/quanyisports.com\/wp-content\/uploads\/2026\/04\/3-89x75.png 89w, https:\/\/quanyisports.com\/wp-content\/uploads\/2026\/04\/3-480x406.png 480w\" sizes=\"auto, (max-width:767px) 480px, 747px\" \/> <img loading=\"lazy\" decoding=\"async\" class=\"aligncenter size-full wp-image-575\" src=\"https:\/\/quanyisports.com\/wp-content\/uploads\/2026\/04\/4.png\" alt=\"\" width=\"786\" height=\"621\" srcset=\"https:\/\/quanyisports.com\/wp-content\/uploads\/2026\/04\/4.png 786w, https:\/\/quanyisports.com\/wp-content\/uploads\/2026\/04\/4-500x395.png 500w, https:\/\/quanyisports.com\/wp-content\/uploads\/2026\/04\/4-300x237.png 300w, https:\/\/quanyisports.com\/wp-content\/uploads\/2026\/04\/4-768x607.png 768w, https:\/\/quanyisports.com\/wp-content\/uploads\/2026\/04\/4-15x12.png 15w, https:\/\/quanyisports.com\/wp-content\/uploads\/2026\/04\/4-95x75.png 95w, https:\/\/quanyisports.com\/wp-content\/uploads\/2026\/04\/4-480x379.png 480w\" sizes=\"auto, (max-width:767px) 480px, (max-width:786px) 100vw, 786px\" \/> <img loading=\"lazy\" decoding=\"async\" class=\"aligncenter size-full wp-image-573\" src=\"https:\/\/quanyisports.com\/wp-content\/uploads\/2026\/04\/2.png\" alt=\"\" width=\"792\" height=\"659\" srcset=\"https:\/\/quanyisports.com\/wp-content\/uploads\/2026\/04\/2.png 792w, https:\/\/quanyisports.com\/wp-content\/uploads\/2026\/04\/2-500x416.png 500w, https:\/\/quanyisports.com\/wp-content\/uploads\/2026\/04\/2-300x250.png 300w, https:\/\/quanyisports.com\/wp-content\/uploads\/2026\/04\/2-768x639.png 768w, https:\/\/quanyisports.com\/wp-content\/uploads\/2026\/04\/2-14x12.png 14w, https:\/\/quanyisports.com\/wp-content\/uploads\/2026\/04\/2-90x75.png 90w, https:\/\/quanyisports.com\/wp-content\/uploads\/2026\/04\/2-480x399.png 480w\" sizes=\"auto, (max-width:767px) 480px, (max-width:792px) 100vw, 792px\" \/> <img loading=\"lazy\" decoding=\"async\" class=\"aligncenter size-full wp-image-577\" src=\"https:\/\/quanyisports.com\/wp-content\/uploads\/2026\/04\/6.png\" alt=\"\" width=\"753\" height=\"618\" srcset=\"https:\/\/quanyisports.com\/wp-content\/uploads\/2026\/04\/6.png 753w, https:\/\/quanyisports.com\/wp-content\/uploads\/2026\/04\/6-500x410.png 500w, https:\/\/quanyisports.com\/wp-content\/uploads\/2026\/04\/6-300x246.png 300w, https:\/\/quanyisports.com\/wp-content\/uploads\/2026\/04\/6-15x12.png 15w, https:\/\/quanyisports.com\/wp-content\/uploads\/2026\/04\/6-91x75.png 91w, https:\/\/quanyisports.com\/wp-content\/uploads\/2026\/04\/6-480x394.png 480w\" sizes=\"auto, (max-width:767px) 480px, 753px\" \/><\/p>","protected":false},"excerpt":{"rendered":"<div data-page-id=\"DVR4dWN7Jo8MVAxMz9mc26FwnMd\" data-lark-html-role=\"root\" data-docx-has-block-data=\"false\">\n<div class=\"ace-line ace-line old-record-id-L2grdPqZXon2lnxEEZwcUt61nxh\">\n<div data-page-id=\"UpwMdjUMpoJR2txgmVEcjY7Anyc\" data-lark-html-role=\"root\" data-docx-has-block-data=\"false\">\n<div class=\"old-record-id-BgJvdkzwpoNldFxxDTKclZU4n9e\">\n<div data-page-id=\"DVR4dWN7Jo8MVAxMz9mc26FwnMd\" data-lark-html-role=\"root\" data-docx-has-block-data=\"false\">\n<div>\n<div data-page-id=\"DVR4dWN7Jo8MVAxMz9mc26FwnMd\" data-lark-html-role=\"root\" data-docx-has-block-data=\"false\">\n<h4 class=\"ace-line ace-line old-record-id-OXnMdbvFvoellIxofUacuYYJnde\">Foam Filled Adult Kickboxing Gloves for Men and Women<\/h4>\n<\/div>\n<hr \/>\n<\/div>\n<div class=\"ace-line ace-line old-record-id-L2grdPqZXon2lnxEEZwcUt61nxh\"><em>&#x2705;<\/em>Precision Punching Performance<\/div>\n<div class=\"ace-line ace-line old-record-id-UCOUdUVTPo7TzXxqcGDcbq0Gn11\"><em>&#x2705;<\/em>Advanced Impact Protection &#8211; 25% Better Shock Absorption<\/div>\n<div class=\"ace-line ace-line old-record-id-YX2sdcD1Co76WbxPNl3c3bN4nDd\"><em>&#x2705;<\/em>Superior Breathability<\/div>\n<div class=\"ace-line ace-line old-record-id-HorGdObpBojRowxfr89cVOzxnRf\"><em>&#x2705;<\/em>Secure Fit &amp; Quick Adjustment<\/div>\n<div class=\"ace-line ace-line old-record-id-KDOfdYA0XoOiJtxkGYmctZf5nXb\"><em>&#x2705;<\/em>Low MOQ available for gyms and clubs. Custom logo printing and packaging options for brand consistency across your facility<\/div>\n<\/div>\n<\/div>\n<\/div>\n<\/div>\n<\/div>\n<div>\n<hr \/>\n<\/div>\n<div><\/div>\n<div>\n<div data-page-id=\"UpwMdjUMpoJR2txgmVEcjY7Anyc\" data-lark-html-role=\"root\" data-docx-has-block-data=\"false\">\n<div class=\"ace-line ace-line old-record-id-Ja4fdlkWOoq9e1xPMFIccTpdnfh\">\n<div data-page-id=\"UpwMdjUMpoJR2txgmVEcjY7Anyc\" data-lark-html-role=\"root\" data-docx-has-block-data=\"false\">\n<div class=\"ace-line ace-line old-record-id-Ja4fdlkWOoq9e1xPMFIccTpdnfh\">\ud83c\udfcb\ufe0fAmpla variedade de equipamentos de gin\u00e1stica<\/div>\n<div class=\"ace-line ace-line old-record-id-IAi7dAJUBoosBFx8C6ccEN8vnUg\">\ud83c\udfa8Possu\u00edmos linhas de produ\u00e7\u00e3o e f\u00e1bricas completas, e podemos personalizar produtos de acordo com as suas necessidades.<\/div>\n<div class=\"ace-line ace-line old-record-id-J6sqdjOxfowR4IxDHEmcfzgtn6c\">\ud83d\udce6 Pre\u00e7os de atacado<\/div>\n<div class=\"ace-line ace-line old-record-id-OwZwd8tjEoa1LfxKLEAcb0FUncj\">\u26a1 Garantia de resposta em 24 horas<\/div>\n<div class=\"ace-line ace-line old-record-id-C3abdXnjlo5sqCxo33kcTomEnbc\">\ud83c\udf0e Envio internacional dispon\u00edvel<\/div>\n<\/div>\n<\/div>\n<\/div>\n<\/div>","protected":false},"featured_media":550,"template":"","meta":[],"product_brand":[],"product_cat":[31],"product_tag":[],"class_list":{"0":"post-548","1":"product","2":"type-product","3":"status-publish","4":"has-post-thumbnail","6":"product_cat-martial-arts-gear","8":"first","9":"instock","10":"shipping-taxable","11":"product-type-simple"},"yoast_head":"<!-- This site is optimized with the Yoast SEO plugin v26.6 - https:\/\/yoast.com\/wordpress\/plugins\/seo\/ -->\n<title>Boxing Gloves Training Gloves - Hebei Quanquan International Trade Co., Ltd.<\/title>\n<meta name=\"robots\" content=\"index, follow, max-snippet:-1, max-image-preview:large, max-video-preview:-1\" \/>\n<link rel=\"canonical\" href=\"https:\/\/quanyisports.com\/pt\/produto\/boxing-gloves-training-gloves\/\" \/>\n<meta property=\"og:locale\" content=\"pt_PT\" \/>\n<meta property=\"og:type\" content=\"article\" \/>\n<meta property=\"og:title\" content=\"Boxing Gloves Training Gloves - Hebei Quanquan International Trade Co., Ltd.\" \/>\n<meta property=\"og:description\" content=\"Foam Filled Adult Kickboxing Gloves for Men and Women      &#x2705;Precision Punching Performance &#x2705;Advanced Impact Protection - 25% Better Shock Absorption &#x2705;Superior Breathability &#x2705;Secure Fit &amp; Quick Adjustment &#x2705;Low MOQ available for gyms and clubs. Custom logo printing and packaging options for brand consistency across your facility                &#x1f3cb;&#xfe0f;Wide range of fitness equipment &#x1f3a8;We have complete production lines and factories, and can customize products to your needs &#x1f4e6; wholesale pricing &#x26a1; 24-hour response guarantee &#x1f30e; Worldwide shipping available\" \/>\n<meta property=\"og:url\" content=\"https:\/\/quanyisports.com\/pt\/produto\/boxing-gloves-training-gloves\/\" \/>\n<meta property=\"og:site_name\" content=\"Hebei Quanquan International Trade Co., Ltd.\" \/>\n<meta property=\"article:modified_time\" content=\"2026-04-09T06:44:39+00:00\" \/>\n<meta property=\"og:image\" content=\"https:\/\/quanyisports.com\/wp-content\/uploads\/2026\/04\/sku-1-\u84dd\u8272-1.png\" \/>\n\t<meta property=\"og:image:width\" content=\"800\" \/>\n\t<meta property=\"og:image:height\" content=\"800\" \/>\n\t<meta property=\"og:image:type\" content=\"image\/png\" \/>\n<meta name=\"twitter:card\" content=\"summary_large_image\" \/>\n<meta name=\"twitter:label1\" content=\"Tempo estimado de leitura\" \/>\n\t<meta name=\"twitter:data1\" content=\"2 minutos\" \/>\n<script type=\"application\/ld+json\" class=\"yoast-schema-graph\">{\"@context\":\"https:\/\/schema.org\",\"@graph\":[{\"@type\":\"WebPage\",\"@id\":\"https:\/\/quanyisports.com\/product\/boxing-gloves-training-gloves\/\",\"url\":\"https:\/\/quanyisports.com\/product\/boxing-gloves-training-gloves\/\",\"name\":\"Boxing Gloves Training Gloves - Hebei Quanquan International Trade Co., Ltd.\",\"isPartOf\":{\"@id\":\"https:\/\/quanyisports.com\/#website\"},\"primaryImageOfPage\":{\"@id\":\"https:\/\/quanyisports.com\/product\/boxing-gloves-training-gloves\/#primaryimage\"},\"image\":{\"@id\":\"https:\/\/quanyisports.com\/product\/boxing-gloves-training-gloves\/#primaryimage\"},\"thumbnailUrl\":\"https:\/\/quanyisports.com\/wp-content\/uploads\/2026\/04\/sku-1-\u84dd\u8272-1.png\",\"datePublished\":\"2026-04-09T02:03:57+00:00\",\"dateModified\":\"2026-04-09T06:44:39+00:00\",\"breadcrumb\":{\"@id\":\"https:\/\/quanyisports.com\/product\/boxing-gloves-training-gloves\/#breadcrumb\"},\"inLanguage\":\"pt-PT\",\"potentialAction\":[{\"@type\":\"ReadAction\",\"target\":[\"https:\/\/quanyisports.com\/product\/boxing-gloves-training-gloves\/\"]}]},{\"@type\":\"ImageObject\",\"inLanguage\":\"pt-PT\",\"@id\":\"https:\/\/quanyisports.com\/product\/boxing-gloves-training-gloves\/#primaryimage\",\"url\":\"https:\/\/quanyisports.com\/wp-content\/uploads\/2026\/04\/sku-1-\u84dd\u8272-1.png\",\"contentUrl\":\"https:\/\/quanyisports.com\/wp-content\/uploads\/2026\/04\/sku-1-\u84dd\u8272-1.png\",\"width\":800,\"height\":800},{\"@type\":\"BreadcrumbList\",\"@id\":\"https:\/\/quanyisports.com\/product\/boxing-gloves-training-gloves\/#breadcrumb\",\"itemListElement\":[{\"@type\":\"ListItem\",\"position\":1,\"name\":\"Home\",\"item\":\"https:\/\/quanyisports.com\/\"},{\"@type\":\"ListItem\",\"position\":2,\"name\":\"Product\",\"item\":\"https:\/\/quanyisports.com\/product\/\"},{\"@type\":\"ListItem\",\"position\":3,\"name\":\"Boxing Gloves Training Gloves\"}]},{\"@type\":\"WebSite\",\"@id\":\"https:\/\/quanyisports.com\/#website\",\"url\":\"https:\/\/quanyisports.com\/\",\"name\":\"Hebei Quanquan International Trade Co., Ltd.\",\"description\":\"Hebei Quanquan International Trade Co., Ltd.\",\"potentialAction\":[{\"@type\":\"SearchAction\",\"target\":{\"@type\":\"EntryPoint\",\"urlTemplate\":\"https:\/\/quanyisports.com\/?s={search_term_string}\"},\"query-input\":{\"@type\":\"PropertyValueSpecification\",\"valueRequired\":true,\"valueName\":\"search_term_string\"}}],\"inLanguage\":\"pt-PT\"}]}<\/script>\n<!-- \/ Yoast SEO plugin. -->","yoast_head_json":{"title":"Boxing Gloves Training Gloves - Hebei Quanquan International Trade Co., Ltd.","robots":{"index":"index","follow":"follow","max-snippet":"max-snippet:-1","max-image-preview":"max-image-preview:large","max-video-preview":"max-video-preview:-1"},"canonical":"https:\/\/quanyisports.com\/pt\/produto\/boxing-gloves-training-gloves\/","og_locale":"pt_PT","og_type":"article","og_title":"Boxing Gloves Training Gloves - Hebei Quanquan International Trade Co., Ltd.","og_description":"Foam Filled Adult Kickboxing Gloves for Men and Women      &#x2705;Precision Punching Performance &#x2705;Advanced Impact Protection - 25% Better Shock Absorption &#x2705;Superior Breathability &#x2705;Secure Fit &amp; Quick Adjustment &#x2705;Low MOQ available for gyms and clubs. Custom logo printing and packaging options for brand consistency across your facility                &#x1f3cb;&#xfe0f;Wide range of fitness equipment &#x1f3a8;We have complete production lines and factories, and can customize products to your needs &#x1f4e6; wholesale pricing &#x26a1; 24-hour response guarantee &#x1f30e; Worldwide shipping available","og_url":"https:\/\/quanyisports.com\/pt\/produto\/boxing-gloves-training-gloves\/","og_site_name":"Hebei Quanquan International Trade Co., Ltd.","article_modified_time":"2026-04-09T06:44:39+00:00","og_image":[{"width":800,"height":800,"url":"https:\/\/quanyisports.com\/wp-content\/uploads\/2026\/04\/sku-1-\u84dd\u8272-1.png","type":"image\/png"}],"twitter_card":"summary_large_image","twitter_misc":{"Tempo estimado de leitura":"2 minutos"},"schema":{"@context":"https:\/\/schema.org","@graph":[{"@type":"WebPage","@id":"https:\/\/quanyisports.com\/product\/boxing-gloves-training-gloves\/","url":"https:\/\/quanyisports.com\/product\/boxing-gloves-training-gloves\/","name":"Boxing Gloves Training Gloves - Hebei Quanquan International Trade Co., Ltd.","isPartOf":{"@id":"https:\/\/quanyisports.com\/#website"},"primaryImageOfPage":{"@id":"https:\/\/quanyisports.com\/product\/boxing-gloves-training-gloves\/#primaryimage"},"image":{"@id":"https:\/\/quanyisports.com\/product\/boxing-gloves-training-gloves\/#primaryimage"},"thumbnailUrl":"https:\/\/quanyisports.com\/wp-content\/uploads\/2026\/04\/sku-1-\u84dd\u8272-1.png","datePublished":"2026-04-09T02:03:57+00:00","dateModified":"2026-04-09T06:44:39+00:00","breadcrumb":{"@id":"https:\/\/quanyisports.com\/product\/boxing-gloves-training-gloves\/#breadcrumb"},"inLanguage":"pt-PT","potentialAction":[{"@type":"ReadAction","target":["https:\/\/quanyisports.com\/product\/boxing-gloves-training-gloves\/"]}]},{"@type":"ImageObject","inLanguage":"pt-PT","@id":"https:\/\/quanyisports.com\/product\/boxing-gloves-training-gloves\/#primaryimage","url":"https:\/\/quanyisports.com\/wp-content\/uploads\/2026\/04\/sku-1-\u84dd\u8272-1.png","contentUrl":"https:\/\/quanyisports.com\/wp-content\/uploads\/2026\/04\/sku-1-\u84dd\u8272-1.png","width":800,"height":800},{"@type":"BreadcrumbList","@id":"https:\/\/quanyisports.com\/product\/boxing-gloves-training-gloves\/#breadcrumb","itemListElement":[{"@type":"ListItem","position":1,"name":"Home","item":"https:\/\/quanyisports.com\/"},{"@type":"ListItem","position":2,"name":"Product","item":"https:\/\/quanyisports.com\/product\/"},{"@type":"ListItem","position":3,"name":"Boxing Gloves Training Gloves"}]},{"@type":"WebSite","@id":"https:\/\/quanyisports.com\/#website","url":"https:\/\/quanyisports.com\/","name":"Hebei Quanquan International Trade Co., Ltd.","description":"Hebei Quanquan International Trade Co., Ltd.","potentialAction":[{"@type":"SearchAction","target":{"@type":"EntryPoint","urlTemplate":"https:\/\/quanyisports.com\/?s={search_term_string}"},"query-input":{"@type":"PropertyValueSpecification","valueRequired":true,"valueName":"search_term_string"}}],"inLanguage":"pt-PT"}]}},"_links":{"self":[{"href":"https:\/\/quanyisports.com\/pt\/wp-json\/wp\/v2\/product\/548","targetHints":{"allow":["GET"]}}],"collection":[{"href":"https:\/\/quanyisports.com\/pt\/wp-json\/wp\/v2\/product"}],"about":[{"href":"https:\/\/quanyisports.com\/pt\/wp-json\/wp\/v2\/types\/product"}],"wp:featuredmedia":[{"embeddable":true,"href":"https:\/\/quanyisports.com\/pt\/wp-json\/wp\/v2\/media\/550"}],"wp:attachment":[{"href":"https:\/\/quanyisports.com\/pt\/wp-json\/wp\/v2\/media?parent=548"}],"wp:term":[{"taxonomy":"product_brand","embeddable":true,"href":"https:\/\/quanyisports.com\/pt\/wp-json\/wp\/v2\/product_brand?post=548"},{"taxonomy":"product_cat","embeddable":true,"href":"https:\/\/quanyisports.com\/pt\/wp-json\/wp\/v2\/product_cat?post=548"},{"taxonomy":"product_tag","embeddable":true,"href":"https:\/\/quanyisports.com\/pt\/wp-json\/wp\/v2\/product_tag?post=548"}],"curies":[{"name":"wp","href":"https:\/\/api.w.org\/{rel}","templated":true}]}}