{"id":596,"date":"2026-04-09T07:48:18","date_gmt":"2026-04-09T07:48:18","guid":{"rendered":"https:\/\/quanyisports.com\/?post_type=product&#038;p=596"},"modified":"2026-04-09T07:48:18","modified_gmt":"2026-04-09T07:48:18","slug":"dragon-pattern-childrens-boxing-gloves","status":"publish","type":"product","link":"https:\/\/quanyisports.com\/pt\/produto\/dragon-pattern-childrens-boxing-gloves\/","title":{"rendered":"Luvas de boxe infantis com estampa de drag\u00e3o"},"content":{"rendered":"<p><img loading=\"lazy\" decoding=\"async\" class=\"aligncenter size-full wp-image-590\" src=\"https:\/\/quanyisports.com\/wp-content\/uploads\/2026\/04\/chima.jpg\" alt=\"\" width=\"942\" height=\"519\" srcset=\"https:\/\/quanyisports.com\/wp-content\/uploads\/2026\/04\/chima.jpg 942w, https:\/\/quanyisports.com\/wp-content\/uploads\/2026\/04\/chima-500x275.jpg 500w, https:\/\/quanyisports.com\/wp-content\/uploads\/2026\/04\/chima-300x165.jpg 300w, https:\/\/quanyisports.com\/wp-content\/uploads\/2026\/04\/chima-768x423.jpg 768w, https:\/\/quanyisports.com\/wp-content\/uploads\/2026\/04\/chima-18x10.jpg 18w, https:\/\/quanyisports.com\/wp-content\/uploads\/2026\/04\/chima-136x75.jpg 136w, https:\/\/quanyisports.com\/wp-content\/uploads\/2026\/04\/chima-480x264.jpg 480w, https:\/\/quanyisports.com\/wp-content\/uploads\/2026\/04\/chima-800x441.jpg 800w\" sizes=\"auto, (max-width:767px) 480px, (max-width:942px) 100vw, 942px\" \/><img loading=\"lazy\" decoding=\"async\" class=\"aligncenter size-full wp-image-597\" src=\"https:\/\/quanyisports.com\/wp-content\/uploads\/2026\/04\/2.jpg\" alt=\"\" width=\"800\" height=\"800\" srcset=\"https:\/\/quanyisports.com\/wp-content\/uploads\/2026\/04\/2.jpg 800w, https:\/\/quanyisports.com\/wp-content\/uploads\/2026\/04\/2-500x500.jpg 500w, https:\/\/quanyisports.com\/wp-content\/uploads\/2026\/04\/2-300x300.jpg 300w, https:\/\/quanyisports.com\/wp-content\/uploads\/2026\/04\/2-768x768.jpg 768w, https:\/\/quanyisports.com\/wp-content\/uploads\/2026\/04\/2-12x12.jpg 12w, https:\/\/quanyisports.com\/wp-content\/uploads\/2026\/04\/2-150x150.jpg 150w, https:\/\/quanyisports.com\/wp-content\/uploads\/2026\/04\/2-75x75.jpg 75w, https:\/\/quanyisports.com\/wp-content\/uploads\/2026\/04\/2-480x480.jpg 480w\" sizes=\"auto, (max-width:767px) 480px, (max-width:800px) 100vw, 800px\" \/><img loading=\"lazy\" decoding=\"async\" class=\"aligncenter size-full wp-image-595\" src=\"https:\/\/quanyisports.com\/wp-content\/uploads\/2026\/04\/\u7ec6\u8282\u4e09.png\" alt=\"\" width=\"620\" height=\"387\" srcset=\"https:\/\/quanyisports.com\/wp-content\/uploads\/2026\/04\/\u7ec6\u8282\u4e09.png 620w, https:\/\/quanyisports.com\/wp-content\/uploads\/2026\/04\/\u7ec6\u8282\u4e09-500x312.png 500w, https:\/\/quanyisports.com\/wp-content\/uploads\/2026\/04\/\u7ec6\u8282\u4e09-300x187.png 300w, https:\/\/quanyisports.com\/wp-content\/uploads\/2026\/04\/\u7ec6\u8282\u4e09-18x12.png 18w, https:\/\/quanyisports.com\/wp-content\/uploads\/2026\/04\/\u7ec6\u8282\u4e09-120x75.png 120w, https:\/\/quanyisports.com\/wp-content\/uploads\/2026\/04\/\u7ec6\u8282\u4e09-480x300.png 480w\" sizes=\"auto, (max-width:767px) 480px, 620px\" \/> <img loading=\"lazy\" decoding=\"async\" class=\"aligncenter size-full wp-image-594\" src=\"https:\/\/quanyisports.com\/wp-content\/uploads\/2026\/04\/\u7ec6\u82824.png\" alt=\"\" width=\"627\" height=\"390\" srcset=\"https:\/\/quanyisports.com\/wp-content\/uploads\/2026\/04\/\u7ec6\u82824.png 627w, https:\/\/quanyisports.com\/wp-content\/uploads\/2026\/04\/\u7ec6\u82824-500x311.png 500w, https:\/\/quanyisports.com\/wp-content\/uploads\/2026\/04\/\u7ec6\u82824-300x187.png 300w, https:\/\/quanyisports.com\/wp-content\/uploads\/2026\/04\/\u7ec6\u82824-18x12.png 18w, https:\/\/quanyisports.com\/wp-content\/uploads\/2026\/04\/\u7ec6\u82824-121x75.png 121w, https:\/\/quanyisports.com\/wp-content\/uploads\/2026\/04\/\u7ec6\u82824-480x299.png 480w\" sizes=\"auto, (max-width:767px) 480px, 627px\" \/> <img loading=\"lazy\" decoding=\"async\" class=\"aligncenter size-full wp-image-593\" src=\"https:\/\/quanyisports.com\/wp-content\/uploads\/2026\/04\/\u7ec6\u82822.png\" alt=\"\" width=\"624\" height=\"390\" srcset=\"https:\/\/quanyisports.com\/wp-content\/uploads\/2026\/04\/\u7ec6\u82822.png 624w, https:\/\/quanyisports.com\/wp-content\/uploads\/2026\/04\/\u7ec6\u82822-500x313.png 500w, https:\/\/quanyisports.com\/wp-content\/uploads\/2026\/04\/\u7ec6\u82822-300x188.png 300w, https:\/\/quanyisports.com\/wp-content\/uploads\/2026\/04\/\u7ec6\u82822-18x12.png 18w, https:\/\/quanyisports.com\/wp-content\/uploads\/2026\/04\/\u7ec6\u82822-120x75.png 120w, https:\/\/quanyisports.com\/wp-content\/uploads\/2026\/04\/\u7ec6\u82822-480x300.png 480w\" sizes=\"auto, (max-width:767px) 480px, 624px\" \/> <img loading=\"lazy\" decoding=\"async\" class=\"aligncenter size-full wp-image-592\" src=\"https:\/\/quanyisports.com\/wp-content\/uploads\/2026\/04\/\u7ec6\u82821.png\" alt=\"\" width=\"623\" height=\"381\" srcset=\"https:\/\/quanyisports.com\/wp-content\/uploads\/2026\/04\/\u7ec6\u82821.png 623w, https:\/\/quanyisports.com\/wp-content\/uploads\/2026\/04\/\u7ec6\u82821-500x306.png 500w, https:\/\/quanyisports.com\/wp-content\/uploads\/2026\/04\/\u7ec6\u82821-300x183.png 300w, https:\/\/quanyisports.com\/wp-content\/uploads\/2026\/04\/\u7ec6\u82821-18x12.png 18w, https:\/\/quanyisports.com\/wp-content\/uploads\/2026\/04\/\u7ec6\u82821-123x75.png 123w, https:\/\/quanyisports.com\/wp-content\/uploads\/2026\/04\/\u7ec6\u82821-480x294.png 480w\" sizes=\"auto, (max-width:767px) 480px, 623px\" \/><\/p>","protected":false},"excerpt":{"rendered":"<div data-page-id=\"UpwMdjUMpoJR2txgmVEcjY7Anyc\" data-lark-html-role=\"root\" data-docx-has-block-data=\"false\">\n<div class=\"ace-line ace-line old-record-id-Ja4fdlkWOoq9e1xPMFIccTpdnfh\">\n<div data-page-id=\"UpwMdjUMpoJR2txgmVEcjY7Anyc\" data-lark-html-role=\"root\" data-docx-has-block-data=\"false\">\n<div class=\"old-record-id-BgJvdkzwpoNldFxxDTKclZU4n9e\">&#x2705;Designed for kids aged 3\u201313, these boxing gloves are available in 6oz and 8oz.<\/div>\n<\/div>\n<div data-page-id=\"UpwMdjUMpoJR2txgmVEcjY7Anyc\" data-lark-html-role=\"root\" data-docx-has-block-data=\"false\">\n<div class=\"old-record-id-BgJvdkzwpoNldFxxDTKclZU4n9e\">&#x2705;Constructed with tough PU leather and integrated EVA padding for safety and comfort.<\/div>\n<\/div>\n<div data-page-id=\"UpwMdjUMpoJR2txgmVEcjY7Anyc\" data-lark-html-role=\"root\" data-docx-has-block-data=\"false\">\n<div class=\"old-record-id-BgJvdkzwpoNldFxxDTKclZU4n9e\">&#x2705;A variety of colors are offered, and custom designs are supported.<\/div>\n<\/div>\n<hr \/>\n<p>\ud83c\udfcb\ufe0fAmpla variedade de equipamentos de gin\u00e1stica<\/p>\n<\/div>\n<div class=\"ace-line ace-line old-record-id-IAi7dAJUBoosBFx8C6ccEN8vnUg\">\ud83c\udfa8Possu\u00edmos linhas de produ\u00e7\u00e3o e f\u00e1bricas completas, e podemos personalizar produtos de acordo com as suas necessidades.<\/div>\n<div class=\"ace-line ace-line old-record-id-J6sqdjOxfowR4IxDHEmcfzgtn6c\">\ud83d\udce6 Pre\u00e7os de atacado<\/div>\n<div class=\"ace-line ace-line old-record-id-OwZwd8tjEoa1LfxKLEAcb0FUncj\">\u26a1 Garantia de resposta em 24 horas<\/div>\n<div class=\"ace-line ace-line old-record-id-C3abdXnjlo5sqCxo33kcTomEnbc\">\ud83c\udf0e Envio internacional dispon\u00edvel<\/div>\n<\/div>","protected":false},"featured_media":597,"template":"","meta":[],"product_brand":[],"product_cat":[31],"product_tag":[],"class_list":{"0":"post-596","1":"product","2":"type-product","3":"status-publish","4":"has-post-thumbnail","6":"product_cat-martial-arts-gear","8":"first","9":"instock","10":"shipping-taxable","11":"product-type-simple"},"yoast_head":"<!-- This site is optimized with the Yoast SEO plugin v26.6 - https:\/\/yoast.com\/wordpress\/plugins\/seo\/ -->\n<title>Dragon Pattern Children&#039;s Boxing Gloves - Hebei Quanquan International Trade Co., Ltd.<\/title>\n<meta name=\"robots\" content=\"index, follow, max-snippet:-1, max-image-preview:large, max-video-preview:-1\" \/>\n<link rel=\"canonical\" href=\"https:\/\/quanyisports.com\/pt\/produto\/dragon-pattern-childrens-boxing-gloves\/\" \/>\n<meta property=\"og:locale\" content=\"pt_PT\" \/>\n<meta property=\"og:type\" content=\"article\" \/>\n<meta property=\"og:title\" content=\"Dragon Pattern Children&#039;s Boxing Gloves - Hebei Quanquan International Trade Co., Ltd.\" \/>\n<meta property=\"og:description\" content=\"&#x2705;Designed for kids aged 3\u201313, these boxing gloves are available in 6oz and 8oz.   &#x2705;Constructed with tough PU leather and integrated EVA padding for safety and comfort.   &#x2705;A variety of colors are offered, and custom designs are supported.     &#x1f3cb;&#xfe0f;Wide range of fitness equipment   &#x1f3a8;We have complete production lines and factories, and can customize products to your needs &#x1f4e6; wholesale pricing &#x26a1; 24-hour response guarantee &#x1f30e; Worldwide shipping available\" \/>\n<meta property=\"og:url\" content=\"https:\/\/quanyisports.com\/pt\/produto\/dragon-pattern-childrens-boxing-gloves\/\" \/>\n<meta property=\"og:site_name\" content=\"Hebei Quanquan International Trade Co., Ltd.\" \/>\n<meta property=\"og:image\" content=\"https:\/\/quanyisports.com\/wp-content\/uploads\/2026\/04\/2.jpg\" \/>\n\t<meta property=\"og:image:width\" content=\"800\" \/>\n\t<meta property=\"og:image:height\" content=\"800\" \/>\n\t<meta property=\"og:image:type\" content=\"image\/jpeg\" \/>\n<meta name=\"twitter:card\" content=\"summary_large_image\" \/>\n<meta name=\"twitter:label1\" content=\"Tempo estimado de leitura\" \/>\n\t<meta name=\"twitter:data1\" content=\"2 minutos\" \/>\n<script type=\"application\/ld+json\" class=\"yoast-schema-graph\">{\"@context\":\"https:\/\/schema.org\",\"@graph\":[{\"@type\":\"WebPage\",\"@id\":\"https:\/\/quanyisports.com\/product\/dragon-pattern-childrens-boxing-gloves\/\",\"url\":\"https:\/\/quanyisports.com\/product\/dragon-pattern-childrens-boxing-gloves\/\",\"name\":\"Dragon Pattern Children's Boxing Gloves - Hebei Quanquan International Trade Co., Ltd.\",\"isPartOf\":{\"@id\":\"https:\/\/quanyisports.com\/#website\"},\"primaryImageOfPage\":{\"@id\":\"https:\/\/quanyisports.com\/product\/dragon-pattern-childrens-boxing-gloves\/#primaryimage\"},\"image\":{\"@id\":\"https:\/\/quanyisports.com\/product\/dragon-pattern-childrens-boxing-gloves\/#primaryimage\"},\"thumbnailUrl\":\"https:\/\/quanyisports.com\/wp-content\/uploads\/2026\/04\/2.jpg\",\"datePublished\":\"2026-04-09T07:48:18+00:00\",\"breadcrumb\":{\"@id\":\"https:\/\/quanyisports.com\/product\/dragon-pattern-childrens-boxing-gloves\/#breadcrumb\"},\"inLanguage\":\"pt-PT\",\"potentialAction\":[{\"@type\":\"ReadAction\",\"target\":[\"https:\/\/quanyisports.com\/product\/dragon-pattern-childrens-boxing-gloves\/\"]}]},{\"@type\":\"ImageObject\",\"inLanguage\":\"pt-PT\",\"@id\":\"https:\/\/quanyisports.com\/product\/dragon-pattern-childrens-boxing-gloves\/#primaryimage\",\"url\":\"https:\/\/quanyisports.com\/wp-content\/uploads\/2026\/04\/2.jpg\",\"contentUrl\":\"https:\/\/quanyisports.com\/wp-content\/uploads\/2026\/04\/2.jpg\",\"width\":800,\"height\":800},{\"@type\":\"BreadcrumbList\",\"@id\":\"https:\/\/quanyisports.com\/product\/dragon-pattern-childrens-boxing-gloves\/#breadcrumb\",\"itemListElement\":[{\"@type\":\"ListItem\",\"position\":1,\"name\":\"Home\",\"item\":\"https:\/\/quanyisports.com\/\"},{\"@type\":\"ListItem\",\"position\":2,\"name\":\"Product\",\"item\":\"https:\/\/quanyisports.com\/product\/\"},{\"@type\":\"ListItem\",\"position\":3,\"name\":\"Dragon Pattern Children&#8217;s Boxing Gloves\"}]},{\"@type\":\"WebSite\",\"@id\":\"https:\/\/quanyisports.com\/#website\",\"url\":\"https:\/\/quanyisports.com\/\",\"name\":\"Hebei Quanquan International Trade Co., Ltd.\",\"description\":\"Hebei Quanquan International Trade Co., Ltd.\",\"potentialAction\":[{\"@type\":\"SearchAction\",\"target\":{\"@type\":\"EntryPoint\",\"urlTemplate\":\"https:\/\/quanyisports.com\/?s={search_term_string}\"},\"query-input\":{\"@type\":\"PropertyValueSpecification\",\"valueRequired\":true,\"valueName\":\"search_term_string\"}}],\"inLanguage\":\"pt-PT\"}]}<\/script>\n<!-- \/ Yoast SEO plugin. -->","yoast_head_json":{"title":"Dragon Pattern Children's Boxing Gloves - Hebei Quanquan International Trade Co., Ltd.","robots":{"index":"index","follow":"follow","max-snippet":"max-snippet:-1","max-image-preview":"max-image-preview:large","max-video-preview":"max-video-preview:-1"},"canonical":"https:\/\/quanyisports.com\/pt\/produto\/dragon-pattern-childrens-boxing-gloves\/","og_locale":"pt_PT","og_type":"article","og_title":"Dragon Pattern Children's Boxing Gloves - Hebei Quanquan International Trade Co., Ltd.","og_description":"&#x2705;Designed for kids aged 3\u201313, these boxing gloves are available in 6oz and 8oz.   &#x2705;Constructed with tough PU leather and integrated EVA padding for safety and comfort.   &#x2705;A variety of colors are offered, and custom designs are supported.     &#x1f3cb;&#xfe0f;Wide range of fitness equipment   &#x1f3a8;We have complete production lines and factories, and can customize products to your needs &#x1f4e6; wholesale pricing &#x26a1; 24-hour response guarantee &#x1f30e; Worldwide shipping available","og_url":"https:\/\/quanyisports.com\/pt\/produto\/dragon-pattern-childrens-boxing-gloves\/","og_site_name":"Hebei Quanquan International Trade Co., Ltd.","og_image":[{"width":800,"height":800,"url":"https:\/\/quanyisports.com\/wp-content\/uploads\/2026\/04\/2.jpg","type":"image\/jpeg"}],"twitter_card":"summary_large_image","twitter_misc":{"Tempo estimado de leitura":"2 minutos"},"schema":{"@context":"https:\/\/schema.org","@graph":[{"@type":"WebPage","@id":"https:\/\/quanyisports.com\/product\/dragon-pattern-childrens-boxing-gloves\/","url":"https:\/\/quanyisports.com\/product\/dragon-pattern-childrens-boxing-gloves\/","name":"Dragon Pattern Children's Boxing Gloves - Hebei Quanquan International Trade Co., Ltd.","isPartOf":{"@id":"https:\/\/quanyisports.com\/#website"},"primaryImageOfPage":{"@id":"https:\/\/quanyisports.com\/product\/dragon-pattern-childrens-boxing-gloves\/#primaryimage"},"image":{"@id":"https:\/\/quanyisports.com\/product\/dragon-pattern-childrens-boxing-gloves\/#primaryimage"},"thumbnailUrl":"https:\/\/quanyisports.com\/wp-content\/uploads\/2026\/04\/2.jpg","datePublished":"2026-04-09T07:48:18+00:00","breadcrumb":{"@id":"https:\/\/quanyisports.com\/product\/dragon-pattern-childrens-boxing-gloves\/#breadcrumb"},"inLanguage":"pt-PT","potentialAction":[{"@type":"ReadAction","target":["https:\/\/quanyisports.com\/product\/dragon-pattern-childrens-boxing-gloves\/"]}]},{"@type":"ImageObject","inLanguage":"pt-PT","@id":"https:\/\/quanyisports.com\/product\/dragon-pattern-childrens-boxing-gloves\/#primaryimage","url":"https:\/\/quanyisports.com\/wp-content\/uploads\/2026\/04\/2.jpg","contentUrl":"https:\/\/quanyisports.com\/wp-content\/uploads\/2026\/04\/2.jpg","width":800,"height":800},{"@type":"BreadcrumbList","@id":"https:\/\/quanyisports.com\/product\/dragon-pattern-childrens-boxing-gloves\/#breadcrumb","itemListElement":[{"@type":"ListItem","position":1,"name":"Home","item":"https:\/\/quanyisports.com\/"},{"@type":"ListItem","position":2,"name":"Product","item":"https:\/\/quanyisports.com\/product\/"},{"@type":"ListItem","position":3,"name":"Dragon Pattern Children&#8217;s Boxing Gloves"}]},{"@type":"WebSite","@id":"https:\/\/quanyisports.com\/#website","url":"https:\/\/quanyisports.com\/","name":"Hebei Quanquan International Trade Co., Ltd.","description":"Hebei Quanquan International Trade Co., Ltd.","potentialAction":[{"@type":"SearchAction","target":{"@type":"EntryPoint","urlTemplate":"https:\/\/quanyisports.com\/?s={search_term_string}"},"query-input":{"@type":"PropertyValueSpecification","valueRequired":true,"valueName":"search_term_string"}}],"inLanguage":"pt-PT"}]}},"_links":{"self":[{"href":"https:\/\/quanyisports.com\/pt\/wp-json\/wp\/v2\/product\/596","targetHints":{"allow":["GET"]}}],"collection":[{"href":"https:\/\/quanyisports.com\/pt\/wp-json\/wp\/v2\/product"}],"about":[{"href":"https:\/\/quanyisports.com\/pt\/wp-json\/wp\/v2\/types\/product"}],"wp:featuredmedia":[{"embeddable":true,"href":"https:\/\/quanyisports.com\/pt\/wp-json\/wp\/v2\/media\/597"}],"wp:attachment":[{"href":"https:\/\/quanyisports.com\/pt\/wp-json\/wp\/v2\/media?parent=596"}],"wp:term":[{"taxonomy":"product_brand","embeddable":true,"href":"https:\/\/quanyisports.com\/pt\/wp-json\/wp\/v2\/product_brand?post=596"},{"taxonomy":"product_cat","embeddable":true,"href":"https:\/\/quanyisports.com\/pt\/wp-json\/wp\/v2\/product_cat?post=596"},{"taxonomy":"product_tag","embeddable":true,"href":"https:\/\/quanyisports.com\/pt\/wp-json\/wp\/v2\/product_tag?post=596"}],"curies":[{"name":"wp","href":"https:\/\/api.w.org\/{rel}","templated":true}]}}