{"id":706,"date":"2026-04-10T09:49:37","date_gmt":"2026-04-10T09:49:37","guid":{"rendered":"https:\/\/quanyisports.com\/?post_type=product&#038;p=706"},"modified":"2026-04-11T03:52:35","modified_gmt":"2026-04-11T03:52:35","slug":"straight-barbell-with-rubber-coating","status":"publish","type":"product","link":"https:\/\/quanyisports.com\/pt\/produto\/straight-barbell-with-rubber-coating\/","title":{"rendered":"Barra reta com revestimento de borracha"},"content":{"rendered":"<p>Product Name: Straight Barbell with Rubber Coating<br \/>\nMaterial: Stainless Steel + Rubber<br \/>\nSizes: 10\/15\/20\/25\/30\/35\/40\/45\/50kg<br \/>\nCustomizable Logo<br \/>\nFunction: Fitness, Strength Training<\/p>\n<p><img loading=\"lazy\" decoding=\"async\" class=\"aligncenter wp-image-712\" src=\"https:\/\/quanyisports.com\/wp-content\/uploads\/2026\/04\/ScreenShot_2026-04-10_164039_921.png\" alt=\"\" width=\"700\" height=\"700\" srcset=\"https:\/\/quanyisports.com\/wp-content\/uploads\/2026\/04\/ScreenShot_2026-04-10_164039_921.png 1100w, https:\/\/quanyisports.com\/wp-content\/uploads\/2026\/04\/ScreenShot_2026-04-10_164039_921-500x500.png 500w, https:\/\/quanyisports.com\/wp-content\/uploads\/2026\/04\/ScreenShot_2026-04-10_164039_921-300x300.png 300w, https:\/\/quanyisports.com\/wp-content\/uploads\/2026\/04\/ScreenShot_2026-04-10_164039_921-768x768.png 768w, https:\/\/quanyisports.com\/wp-content\/uploads\/2026\/04\/ScreenShot_2026-04-10_164039_921-12x12.png 12w, https:\/\/quanyisports.com\/wp-content\/uploads\/2026\/04\/ScreenShot_2026-04-10_164039_921-150x150.png 150w, https:\/\/quanyisports.com\/wp-content\/uploads\/2026\/04\/ScreenShot_2026-04-10_164039_921-75x75.png 75w, https:\/\/quanyisports.com\/wp-content\/uploads\/2026\/04\/ScreenShot_2026-04-10_164039_921-480x480.png 480w, https:\/\/quanyisports.com\/wp-content\/uploads\/2026\/04\/ScreenShot_2026-04-10_164039_921-800x800.png 800w\" sizes=\"auto, (max-width:767px) 480px, 700px\" \/><img loading=\"lazy\" decoding=\"async\" class=\"aligncenter wp-image-710\" src=\"https:\/\/quanyisports.com\/wp-content\/uploads\/2026\/04\/ScreenShot_2026-04-10_163914_122.png\" alt=\"\" width=\"701\" height=\"827\" srcset=\"https:\/\/quanyisports.com\/wp-content\/uploads\/2026\/04\/ScreenShot_2026-04-10_163914_122.png 666w, https:\/\/quanyisports.com\/wp-content\/uploads\/2026\/04\/ScreenShot_2026-04-10_163914_122-424x500.png 424w, https:\/\/quanyisports.com\/wp-content\/uploads\/2026\/04\/ScreenShot_2026-04-10_163914_122-254x300.png 254w, https:\/\/quanyisports.com\/wp-content\/uploads\/2026\/04\/ScreenShot_2026-04-10_163914_122-10x12.png 10w, https:\/\/quanyisports.com\/wp-content\/uploads\/2026\/04\/ScreenShot_2026-04-10_163914_122-64x75.png 64w, https:\/\/quanyisports.com\/wp-content\/uploads\/2026\/04\/ScreenShot_2026-04-10_163914_122-480x566.png 480w\" sizes=\"auto, (max-width:767px) 480px, 701px\" \/> <img loading=\"lazy\" decoding=\"async\" class=\"aligncenter wp-image-711\" src=\"https:\/\/quanyisports.com\/wp-content\/uploads\/2026\/04\/ScreenShot_2026-04-10_163958_442.png\" alt=\"\" width=\"662\" height=\"620\" srcset=\"https:\/\/quanyisports.com\/wp-content\/uploads\/2026\/04\/ScreenShot_2026-04-10_163958_442.png 636w, https:\/\/quanyisports.com\/wp-content\/uploads\/2026\/04\/ScreenShot_2026-04-10_163958_442-500x469.png 500w, https:\/\/quanyisports.com\/wp-content\/uploads\/2026\/04\/ScreenShot_2026-04-10_163958_442-300x281.png 300w, https:\/\/quanyisports.com\/wp-content\/uploads\/2026\/04\/ScreenShot_2026-04-10_163958_442-13x12.png 13w, https:\/\/quanyisports.com\/wp-content\/uploads\/2026\/04\/ScreenShot_2026-04-10_163958_442-80x75.png 80w, https:\/\/quanyisports.com\/wp-content\/uploads\/2026\/04\/ScreenShot_2026-04-10_163958_442-480x450.png 480w\" sizes=\"auto, (max-width:767px) 480px, 662px\" \/> <img loading=\"lazy\" decoding=\"async\" class=\"aligncenter wp-image-713\" src=\"https:\/\/quanyisports.com\/wp-content\/uploads\/2026\/04\/\u672a\u6807\u9898-2-2.png\" alt=\"\" width=\"702\" height=\"702\" srcset=\"https:\/\/quanyisports.com\/wp-content\/uploads\/2026\/04\/\u672a\u6807\u9898-2-2.png 1100w, https:\/\/quanyisports.com\/wp-content\/uploads\/2026\/04\/\u672a\u6807\u9898-2-2-500x500.png 500w, https:\/\/quanyisports.com\/wp-content\/uploads\/2026\/04\/\u672a\u6807\u9898-2-2-300x300.png 300w, https:\/\/quanyisports.com\/wp-content\/uploads\/2026\/04\/\u672a\u6807\u9898-2-2-768x768.png 768w, https:\/\/quanyisports.com\/wp-content\/uploads\/2026\/04\/\u672a\u6807\u9898-2-2-12x12.png 12w, https:\/\/quanyisports.com\/wp-content\/uploads\/2026\/04\/\u672a\u6807\u9898-2-2-150x150.png 150w, https:\/\/quanyisports.com\/wp-content\/uploads\/2026\/04\/\u672a\u6807\u9898-2-2-75x75.png 75w, https:\/\/quanyisports.com\/wp-content\/uploads\/2026\/04\/\u672a\u6807\u9898-2-2-480x480.png 480w, https:\/\/quanyisports.com\/wp-content\/uploads\/2026\/04\/\u672a\u6807\u9898-2-2-800x800.png 800w\" sizes=\"auto, (max-width:767px) 480px, 702px\" \/><\/p>","protected":false},"excerpt":{"rendered":"<div data-page-id=\"UpwMdjUMpoJR2txgmVEcjY7Anyc\" data-lark-html-role=\"root\" data-docx-has-block-data=\"false\">\n<div class=\"old-record-id-BgJvdkzwpoNldFxxDTKclZU4n9e\">&#x2705;Suitable for diverse training styles, helps shape your physique effectively<\/div>\n<\/div>\n<div data-page-id=\"UpwMdjUMpoJR2txgmVEcjY7Anyc\" data-lark-html-role=\"root\" data-docx-has-block-data=\"false\">\n<div class=\"old-record-id-BgJvdkzwpoNldFxxDTKclZU4n9e\">&#x2705;Knurled handle design for improved safety and comfortable grip<\/div>\n<\/div>\n<div data-page-id=\"UpwMdjUMpoJR2txgmVEcjY7Anyc\" data-lark-html-role=\"root\" data-docx-has-block-data=\"false\">\n<div class=\"old-record-id-BgJvdkzwpoNldFxxDTKclZU4n9e\">&#x2705;Made of high-quality steel, ensuring high safety and long durability<\/div>\n<\/div>\n<div data-page-id=\"UpwMdjUMpoJR2txgmVEcjY7Anyc\" data-lark-html-role=\"root\" data-docx-has-block-data=\"false\">\n<div class=\"old-record-id-BgJvdkzwpoNldFxxDTKclZU4n9e\">&#x2705;Available in multiple sizes to meet different training needs<\/div>\n<div>\n<hr \/>\n<div data-page-id=\"UpwMdjUMpoJR2txgmVEcjY7Anyc\" data-lark-html-role=\"root\" data-docx-has-block-data=\"false\">\n<div class=\"ace-line ace-line old-record-id-Ja4fdlkWOoq9e1xPMFIccTpdnfh\">\ud83c\udfcb\ufe0fAmpla variedade de equipamentos de gin\u00e1stica<\/div>\n<div class=\"ace-line ace-line old-record-id-IAi7dAJUBoosBFx8C6ccEN8vnUg\">\ud83c\udfa8Possu\u00edmos linhas de produ\u00e7\u00e3o e f\u00e1bricas completas, e podemos personalizar produtos de acordo com as suas necessidades.<\/div>\n<div class=\"ace-line ace-line old-record-id-J6sqdjOxfowR4IxDHEmcfzgtn6c\">\ud83d\udce6 Pre\u00e7os de atacado<\/div>\n<div class=\"ace-line ace-line old-record-id-OwZwd8tjEoa1LfxKLEAcb0FUncj\">\u26a1 Garantia de resposta em 24 horas<\/div>\n<div class=\"ace-line ace-line old-record-id-C3abdXnjlo5sqCxo33kcTomEnbc\">\ud83c\udf0e Envio internacional dispon\u00edvel<\/div>\n<\/div>\n<\/div>\n<\/div>","protected":false},"featured_media":707,"template":"","meta":[],"product_brand":[],"product_cat":[28],"product_tag":[],"class_list":{"0":"post-706","1":"product","2":"type-product","3":"status-publish","4":"has-post-thumbnail","6":"product_cat-barbells","8":"first","9":"instock","10":"shipping-taxable","11":"product-type-external"},"yoast_head":"<!-- This site is optimized with the Yoast SEO plugin v26.6 - https:\/\/yoast.com\/wordpress\/plugins\/seo\/ -->\n<title>Straight barbell with rubber coating - Hebei Quanquan International Trade Co., Ltd.<\/title>\n<meta name=\"robots\" content=\"index, follow, max-snippet:-1, max-image-preview:large, max-video-preview:-1\" \/>\n<link rel=\"canonical\" href=\"https:\/\/quanyisports.com\/pt\/produto\/straight-barbell-with-rubber-coating\/\" \/>\n<meta property=\"og:locale\" content=\"pt_PT\" \/>\n<meta property=\"og:type\" content=\"article\" \/>\n<meta property=\"og:title\" content=\"Straight barbell with rubber coating - Hebei Quanquan International Trade Co., Ltd.\" \/>\n<meta property=\"og:description\" content=\"&#x2705;Suitable for diverse training styles, helps shape your physique effectively   &#x2705;Knurled handle design for improved safety and comfortable grip   &#x2705;Made of high-quality steel, ensuring high safety and long durability   &#x2705;Available in multiple sizes to meet different training needs      &#x1f3cb;&#xfe0f;Wide range of fitness equipment &#x1f3a8;We have complete production lines and factories, and can customize products to your needs &#x1f4e6; wholesale pricing &#x26a1; 24-hour response guarantee &#x1f30e; Worldwide shipping available\" \/>\n<meta property=\"og:url\" content=\"https:\/\/quanyisports.com\/pt\/produto\/straight-barbell-with-rubber-coating\/\" \/>\n<meta property=\"og:site_name\" content=\"Hebei Quanquan International Trade Co., Ltd.\" \/>\n<meta property=\"article:modified_time\" content=\"2026-04-11T03:52:35+00:00\" \/>\n<meta property=\"og:image\" content=\"https:\/\/quanyisports.com\/wp-content\/uploads\/2026\/04\/2-2.jpg\" \/>\n\t<meta property=\"og:image:width\" content=\"800\" \/>\n\t<meta property=\"og:image:height\" content=\"800\" \/>\n\t<meta property=\"og:image:type\" content=\"image\/jpeg\" \/>\n<meta name=\"twitter:card\" content=\"summary_large_image\" \/>\n<meta name=\"twitter:label1\" content=\"Tempo estimado de leitura\" \/>\n\t<meta name=\"twitter:data1\" content=\"2 minutos\" \/>\n<script type=\"application\/ld+json\" class=\"yoast-schema-graph\">{\"@context\":\"https:\/\/schema.org\",\"@graph\":[{\"@type\":\"WebPage\",\"@id\":\"https:\/\/quanyisports.com\/product\/straight-barbell-with-rubber-coating\/\",\"url\":\"https:\/\/quanyisports.com\/product\/straight-barbell-with-rubber-coating\/\",\"name\":\"Straight barbell with rubber coating - Hebei Quanquan International Trade Co., Ltd.\",\"isPartOf\":{\"@id\":\"https:\/\/quanyisports.com\/#website\"},\"primaryImageOfPage\":{\"@id\":\"https:\/\/quanyisports.com\/product\/straight-barbell-with-rubber-coating\/#primaryimage\"},\"image\":{\"@id\":\"https:\/\/quanyisports.com\/product\/straight-barbell-with-rubber-coating\/#primaryimage\"},\"thumbnailUrl\":\"https:\/\/quanyisports.com\/wp-content\/uploads\/2026\/04\/2-2.jpg\",\"datePublished\":\"2026-04-10T09:49:37+00:00\",\"dateModified\":\"2026-04-11T03:52:35+00:00\",\"breadcrumb\":{\"@id\":\"https:\/\/quanyisports.com\/product\/straight-barbell-with-rubber-coating\/#breadcrumb\"},\"inLanguage\":\"pt-PT\",\"potentialAction\":[{\"@type\":\"ReadAction\",\"target\":[\"https:\/\/quanyisports.com\/product\/straight-barbell-with-rubber-coating\/\"]}]},{\"@type\":\"ImageObject\",\"inLanguage\":\"pt-PT\",\"@id\":\"https:\/\/quanyisports.com\/product\/straight-barbell-with-rubber-coating\/#primaryimage\",\"url\":\"https:\/\/quanyisports.com\/wp-content\/uploads\/2026\/04\/2-2.jpg\",\"contentUrl\":\"https:\/\/quanyisports.com\/wp-content\/uploads\/2026\/04\/2-2.jpg\",\"width\":800,\"height\":800},{\"@type\":\"BreadcrumbList\",\"@id\":\"https:\/\/quanyisports.com\/product\/straight-barbell-with-rubber-coating\/#breadcrumb\",\"itemListElement\":[{\"@type\":\"ListItem\",\"position\":1,\"name\":\"Home\",\"item\":\"https:\/\/quanyisports.com\/\"},{\"@type\":\"ListItem\",\"position\":2,\"name\":\"Product\",\"item\":\"https:\/\/quanyisports.com\/product\/\"},{\"@type\":\"ListItem\",\"position\":3,\"name\":\"Straight barbell with rubber coating\"}]},{\"@type\":\"WebSite\",\"@id\":\"https:\/\/quanyisports.com\/#website\",\"url\":\"https:\/\/quanyisports.com\/\",\"name\":\"Hebei Quanquan International Trade Co., Ltd.\",\"description\":\"Hebei Quanquan International Trade Co., Ltd.\",\"potentialAction\":[{\"@type\":\"SearchAction\",\"target\":{\"@type\":\"EntryPoint\",\"urlTemplate\":\"https:\/\/quanyisports.com\/?s={search_term_string}\"},\"query-input\":{\"@type\":\"PropertyValueSpecification\",\"valueRequired\":true,\"valueName\":\"search_term_string\"}}],\"inLanguage\":\"pt-PT\"}]}<\/script>\n<!-- \/ Yoast SEO plugin. -->","yoast_head_json":{"title":"Straight barbell with rubber coating - Hebei Quanquan International Trade Co., Ltd.","robots":{"index":"index","follow":"follow","max-snippet":"max-snippet:-1","max-image-preview":"max-image-preview:large","max-video-preview":"max-video-preview:-1"},"canonical":"https:\/\/quanyisports.com\/pt\/produto\/straight-barbell-with-rubber-coating\/","og_locale":"pt_PT","og_type":"article","og_title":"Straight barbell with rubber coating - Hebei Quanquan International Trade Co., Ltd.","og_description":"&#x2705;Suitable for diverse training styles, helps shape your physique effectively   &#x2705;Knurled handle design for improved safety and comfortable grip   &#x2705;Made of high-quality steel, ensuring high safety and long durability   &#x2705;Available in multiple sizes to meet different training needs      &#x1f3cb;&#xfe0f;Wide range of fitness equipment &#x1f3a8;We have complete production lines and factories, and can customize products to your needs &#x1f4e6; wholesale pricing &#x26a1; 24-hour response guarantee &#x1f30e; Worldwide shipping available","og_url":"https:\/\/quanyisports.com\/pt\/produto\/straight-barbell-with-rubber-coating\/","og_site_name":"Hebei Quanquan International Trade Co., Ltd.","article_modified_time":"2026-04-11T03:52:35+00:00","og_image":[{"width":800,"height":800,"url":"https:\/\/quanyisports.com\/wp-content\/uploads\/2026\/04\/2-2.jpg","type":"image\/jpeg"}],"twitter_card":"summary_large_image","twitter_misc":{"Tempo estimado de leitura":"2 minutos"},"schema":{"@context":"https:\/\/schema.org","@graph":[{"@type":"WebPage","@id":"https:\/\/quanyisports.com\/product\/straight-barbell-with-rubber-coating\/","url":"https:\/\/quanyisports.com\/product\/straight-barbell-with-rubber-coating\/","name":"Straight barbell with rubber coating - Hebei Quanquan International Trade Co., Ltd.","isPartOf":{"@id":"https:\/\/quanyisports.com\/#website"},"primaryImageOfPage":{"@id":"https:\/\/quanyisports.com\/product\/straight-barbell-with-rubber-coating\/#primaryimage"},"image":{"@id":"https:\/\/quanyisports.com\/product\/straight-barbell-with-rubber-coating\/#primaryimage"},"thumbnailUrl":"https:\/\/quanyisports.com\/wp-content\/uploads\/2026\/04\/2-2.jpg","datePublished":"2026-04-10T09:49:37+00:00","dateModified":"2026-04-11T03:52:35+00:00","breadcrumb":{"@id":"https:\/\/quanyisports.com\/product\/straight-barbell-with-rubber-coating\/#breadcrumb"},"inLanguage":"pt-PT","potentialAction":[{"@type":"ReadAction","target":["https:\/\/quanyisports.com\/product\/straight-barbell-with-rubber-coating\/"]}]},{"@type":"ImageObject","inLanguage":"pt-PT","@id":"https:\/\/quanyisports.com\/product\/straight-barbell-with-rubber-coating\/#primaryimage","url":"https:\/\/quanyisports.com\/wp-content\/uploads\/2026\/04\/2-2.jpg","contentUrl":"https:\/\/quanyisports.com\/wp-content\/uploads\/2026\/04\/2-2.jpg","width":800,"height":800},{"@type":"BreadcrumbList","@id":"https:\/\/quanyisports.com\/product\/straight-barbell-with-rubber-coating\/#breadcrumb","itemListElement":[{"@type":"ListItem","position":1,"name":"Home","item":"https:\/\/quanyisports.com\/"},{"@type":"ListItem","position":2,"name":"Product","item":"https:\/\/quanyisports.com\/product\/"},{"@type":"ListItem","position":3,"name":"Straight barbell with rubber coating"}]},{"@type":"WebSite","@id":"https:\/\/quanyisports.com\/#website","url":"https:\/\/quanyisports.com\/","name":"Hebei Quanquan International Trade Co., Ltd.","description":"Hebei Quanquan International Trade Co., Ltd.","potentialAction":[{"@type":"SearchAction","target":{"@type":"EntryPoint","urlTemplate":"https:\/\/quanyisports.com\/?s={search_term_string}"},"query-input":{"@type":"PropertyValueSpecification","valueRequired":true,"valueName":"search_term_string"}}],"inLanguage":"pt-PT"}]}},"_links":{"self":[{"href":"https:\/\/quanyisports.com\/pt\/wp-json\/wp\/v2\/product\/706","targetHints":{"allow":["GET"]}}],"collection":[{"href":"https:\/\/quanyisports.com\/pt\/wp-json\/wp\/v2\/product"}],"about":[{"href":"https:\/\/quanyisports.com\/pt\/wp-json\/wp\/v2\/types\/product"}],"wp:featuredmedia":[{"embeddable":true,"href":"https:\/\/quanyisports.com\/pt\/wp-json\/wp\/v2\/media\/707"}],"wp:attachment":[{"href":"https:\/\/quanyisports.com\/pt\/wp-json\/wp\/v2\/media?parent=706"}],"wp:term":[{"taxonomy":"product_brand","embeddable":true,"href":"https:\/\/quanyisports.com\/pt\/wp-json\/wp\/v2\/product_brand?post=706"},{"taxonomy":"product_cat","embeddable":true,"href":"https:\/\/quanyisports.com\/pt\/wp-json\/wp\/v2\/product_cat?post=706"},{"taxonomy":"product_tag","embeddable":true,"href":"https:\/\/quanyisports.com\/pt\/wp-json\/wp\/v2\/product_tag?post=706"}],"curies":[{"name":"wp","href":"https:\/\/api.w.org\/{rel}","templated":true}]}}