{"id":715,"date":"2026-04-11T01:39:33","date_gmt":"2026-04-11T01:39:33","guid":{"rendered":"https:\/\/quanyisports.com\/?post_type=product&#038;p=715"},"modified":"2026-04-11T03:51:36","modified_gmt":"2026-04-11T03:51:36","slug":"mens-rubber-coated-barbell","status":"publish","type":"product","link":"https:\/\/quanyisports.com\/pt\/produto\/mens-rubber-coated-barbell\/","title":{"rendered":"Men&#8217;s rubber-coated barbell"},"content":{"rendered":"<p>Product Name: Men&#8217;s Rubber-Coated Barbell<br \/>\nMaterial: Stainless Steel + Rubber<br \/>\nSuitable for: Fitness and Body Shaping, Strength Training<br \/>\nSizes: 10, 15, 20, 25, 30, 35, 40, 45, 50kg<\/p>\n<hr \/>\n<p><img loading=\"lazy\" decoding=\"async\" class=\"aligncenter wp-image-717\" src=\"https:\/\/quanyisports.com\/wp-content\/uploads\/2026\/04\/2-6.png\" alt=\"\" width=\"700\" height=\"513\" srcset=\"https:\/\/quanyisports.com\/wp-content\/uploads\/2026\/04\/2-6.png 876w, https:\/\/quanyisports.com\/wp-content\/uploads\/2026\/04\/2-6-500x366.png 500w, https:\/\/quanyisports.com\/wp-content\/uploads\/2026\/04\/2-6-300x220.png 300w, https:\/\/quanyisports.com\/wp-content\/uploads\/2026\/04\/2-6-768x563.png 768w, https:\/\/quanyisports.com\/wp-content\/uploads\/2026\/04\/2-6-16x12.png 16w, https:\/\/quanyisports.com\/wp-content\/uploads\/2026\/04\/2-6-102x75.png 102w, https:\/\/quanyisports.com\/wp-content\/uploads\/2026\/04\/2-6-480x352.png 480w, https:\/\/quanyisports.com\/wp-content\/uploads\/2026\/04\/2-6-800x586.png 800w\" sizes=\"auto, (max-width:767px) 480px, 700px\" \/> <img loading=\"lazy\" decoding=\"async\" class=\"aligncenter wp-image-718\" src=\"https:\/\/quanyisports.com\/wp-content\/uploads\/2026\/04\/3-6.png\" alt=\"\" width=\"700\" height=\"700\" srcset=\"https:\/\/quanyisports.com\/wp-content\/uploads\/2026\/04\/3-6.png 1100w, https:\/\/quanyisports.com\/wp-content\/uploads\/2026\/04\/3-6-500x500.png 500w, https:\/\/quanyisports.com\/wp-content\/uploads\/2026\/04\/3-6-300x300.png 300w, https:\/\/quanyisports.com\/wp-content\/uploads\/2026\/04\/3-6-768x768.png 768w, https:\/\/quanyisports.com\/wp-content\/uploads\/2026\/04\/3-6-12x12.png 12w, https:\/\/quanyisports.com\/wp-content\/uploads\/2026\/04\/3-6-150x150.png 150w, https:\/\/quanyisports.com\/wp-content\/uploads\/2026\/04\/3-6-75x75.png 75w, https:\/\/quanyisports.com\/wp-content\/uploads\/2026\/04\/3-6-480x480.png 480w, https:\/\/quanyisports.com\/wp-content\/uploads\/2026\/04\/3-6-800x800.png 800w\" sizes=\"auto, (max-width:767px) 480px, 700px\" \/> <img loading=\"lazy\" decoding=\"async\" class=\"aligncenter wp-image-719\" src=\"https:\/\/quanyisports.com\/wp-content\/uploads\/2026\/04\/4-4.png\" alt=\"\" width=\"700\" height=\"700\" srcset=\"https:\/\/quanyisports.com\/wp-content\/uploads\/2026\/04\/4-4.png 1100w, https:\/\/quanyisports.com\/wp-content\/uploads\/2026\/04\/4-4-500x500.png 500w, https:\/\/quanyisports.com\/wp-content\/uploads\/2026\/04\/4-4-300x300.png 300w, https:\/\/quanyisports.com\/wp-content\/uploads\/2026\/04\/4-4-768x768.png 768w, https:\/\/quanyisports.com\/wp-content\/uploads\/2026\/04\/4-4-12x12.png 12w, https:\/\/quanyisports.com\/wp-content\/uploads\/2026\/04\/4-4-150x150.png 150w, https:\/\/quanyisports.com\/wp-content\/uploads\/2026\/04\/4-4-75x75.png 75w, https:\/\/quanyisports.com\/wp-content\/uploads\/2026\/04\/4-4-480x480.png 480w, https:\/\/quanyisports.com\/wp-content\/uploads\/2026\/04\/4-4-800x800.png 800w\" sizes=\"auto, (max-width:767px) 480px, 700px\" \/> <img loading=\"lazy\" decoding=\"async\" class=\"aligncenter wp-image-720\" src=\"https:\/\/quanyisports.com\/wp-content\/uploads\/2026\/04\/\u672a\u6807\u9898-2-3.png\" alt=\"\" width=\"700\" height=\"700\" srcset=\"https:\/\/quanyisports.com\/wp-content\/uploads\/2026\/04\/\u672a\u6807\u9898-2-3.png 1100w, https:\/\/quanyisports.com\/wp-content\/uploads\/2026\/04\/\u672a\u6807\u9898-2-3-500x500.png 500w, https:\/\/quanyisports.com\/wp-content\/uploads\/2026\/04\/\u672a\u6807\u9898-2-3-300x300.png 300w, https:\/\/quanyisports.com\/wp-content\/uploads\/2026\/04\/\u672a\u6807\u9898-2-3-768x768.png 768w, https:\/\/quanyisports.com\/wp-content\/uploads\/2026\/04\/\u672a\u6807\u9898-2-3-12x12.png 12w, https:\/\/quanyisports.com\/wp-content\/uploads\/2026\/04\/\u672a\u6807\u9898-2-3-150x150.png 150w, https:\/\/quanyisports.com\/wp-content\/uploads\/2026\/04\/\u672a\u6807\u9898-2-3-75x75.png 75w, https:\/\/quanyisports.com\/wp-content\/uploads\/2026\/04\/\u672a\u6807\u9898-2-3-480x480.png 480w, https:\/\/quanyisports.com\/wp-content\/uploads\/2026\/04\/\u672a\u6807\u9898-2-3-800x800.png 800w\" sizes=\"auto, (max-width:767px) 480px, 700px\" \/><\/p>\n<p><img loading=\"lazy\" decoding=\"async\" class=\"aligncenter wp-image-722\" src=\"https:\/\/quanyisports.com\/wp-content\/uploads\/2026\/04\/5-5.png\" alt=\"\" width=\"700\" height=\"700\" srcset=\"https:\/\/quanyisports.com\/wp-content\/uploads\/2026\/04\/5-5.png 1100w, https:\/\/quanyisports.com\/wp-content\/uploads\/2026\/04\/5-5-500x500.png 500w, https:\/\/quanyisports.com\/wp-content\/uploads\/2026\/04\/5-5-300x300.png 300w, https:\/\/quanyisports.com\/wp-content\/uploads\/2026\/04\/5-5-768x768.png 768w, https:\/\/quanyisports.com\/wp-content\/uploads\/2026\/04\/5-5-12x12.png 12w, https:\/\/quanyisports.com\/wp-content\/uploads\/2026\/04\/5-5-150x150.png 150w, https:\/\/quanyisports.com\/wp-content\/uploads\/2026\/04\/5-5-75x75.png 75w, https:\/\/quanyisports.com\/wp-content\/uploads\/2026\/04\/5-5-480x480.png 480w, https:\/\/quanyisports.com\/wp-content\/uploads\/2026\/04\/5-5-800x800.png 800w\" sizes=\"auto, (max-width:767px) 480px, 700px\" \/><\/p>","protected":false},"excerpt":{"rendered":"<div data-page-id=\"UpwMdjUMpoJR2txgmVEcjY7Anyc\" data-lark-html-role=\"root\" data-docx-has-block-data=\"false\">\n<div>\n<div data-page-id=\"UpwMdjUMpoJR2txgmVEcjY7Anyc\" data-lark-html-role=\"root\" data-docx-has-block-data=\"false\">\n<div class=\"old-record-id-BgJvdkzwpoNldFxxDTKclZU4n9e\">&#x2705;Available in both straight bar &amp; curved bar styles<br \/>\n&#x2705;Suitable for diverse training methods, effectively sculpting your physique<br \/>\n&#x2705;Knurled grip design for enhanced safety and comfortable holding<br \/>\n&#x2705;Made of high-quality steel, safe, sturdy and long-lasting<br \/>\n&#x2705;Multiple sizes available to meet different training needs<\/div>\n<\/div>\n<hr \/>\n<\/div>\n<div class=\"ace-line ace-line old-record-id-Ja4fdlkWOoq9e1xPMFIccTpdnfh\">\ud83c\udfcb\ufe0fAmpla variedade de equipamentos de gin\u00e1stica<\/div>\n<div class=\"ace-line ace-line old-record-id-IAi7dAJUBoosBFx8C6ccEN8vnUg\">\ud83c\udfa8Possu\u00edmos linhas de produ\u00e7\u00e3o e f\u00e1bricas completas, e podemos personalizar produtos de acordo com as suas necessidades.<\/div>\n<div class=\"ace-line ace-line old-record-id-J6sqdjOxfowR4IxDHEmcfzgtn6c\">\ud83d\udce6 Pre\u00e7os de atacado<\/div>\n<div class=\"ace-line ace-line old-record-id-OwZwd8tjEoa1LfxKLEAcb0FUncj\">\u26a1 Garantia de resposta em 24 horas<\/div>\n<div class=\"ace-line ace-line old-record-id-C3abdXnjlo5sqCxo33kcTomEnbc\">\ud83c\udf0e Envio internacional dispon\u00edvel<\/div>\n<\/div>","protected":false},"featured_media":716,"template":"","meta":[],"product_brand":[],"product_cat":[28],"product_tag":[],"class_list":{"0":"post-715","1":"product","2":"type-product","3":"status-publish","4":"has-post-thumbnail","6":"product_cat-barbells","8":"first","9":"instock","10":"shipping-taxable","11":"product-type-external"},"yoast_head":"<!-- This site is optimized with the Yoast SEO plugin v26.6 - https:\/\/yoast.com\/wordpress\/plugins\/seo\/ -->\n<title>Men&#039;s rubber-coated barbell - Hebei Quanquan International Trade Co., Ltd.<\/title>\n<meta name=\"robots\" content=\"index, follow, max-snippet:-1, max-image-preview:large, max-video-preview:-1\" \/>\n<link rel=\"canonical\" href=\"https:\/\/quanyisports.com\/pt\/produto\/mens-rubber-coated-barbell\/\" \/>\n<meta property=\"og:locale\" content=\"pt_PT\" \/>\n<meta property=\"og:type\" content=\"article\" \/>\n<meta property=\"og:title\" content=\"Men&#039;s rubber-coated barbell - Hebei Quanquan International Trade Co., Ltd.\" \/>\n<meta property=\"og:description\" content=\"&#x2705;Available in both straight bar &amp; curved bar styles &#x2705;Suitable for diverse training methods, effectively sculpting your physique &#x2705;Knurled grip design for enhanced safety and comfortable holding &#x2705;Made of high-quality steel, safe, sturdy and long-lasting &#x2705;Multiple sizes available to meet different training needs      &#x1f3cb;&#xfe0f;Wide range of fitness equipment &#x1f3a8;We have complete production lines and factories, and can customize products to your needs &#x1f4e6; wholesale pricing &#x26a1; 24-hour response guarantee &#x1f30e; Worldwide shipping available\" \/>\n<meta property=\"og:url\" content=\"https:\/\/quanyisports.com\/pt\/produto\/mens-rubber-coated-barbell\/\" \/>\n<meta property=\"og:site_name\" content=\"Hebei Quanquan International Trade Co., Ltd.\" \/>\n<meta property=\"article:modified_time\" content=\"2026-04-11T03:51:36+00:00\" \/>\n<meta property=\"og:image\" content=\"https:\/\/quanyisports.com\/wp-content\/uploads\/2026\/04\/1-6.png\" \/>\n\t<meta property=\"og:image:width\" content=\"574\" \/>\n\t<meta property=\"og:image:height\" content=\"345\" \/>\n\t<meta property=\"og:image:type\" content=\"image\/png\" \/>\n<meta name=\"twitter:card\" content=\"summary_large_image\" \/>\n<meta name=\"twitter:label1\" content=\"Tempo estimado de leitura\" \/>\n\t<meta name=\"twitter:data1\" content=\"2 minutos\" \/>\n<script type=\"application\/ld+json\" class=\"yoast-schema-graph\">{\"@context\":\"https:\/\/schema.org\",\"@graph\":[{\"@type\":\"WebPage\",\"@id\":\"https:\/\/quanyisports.com\/product\/mens-rubber-coated-barbell\/\",\"url\":\"https:\/\/quanyisports.com\/product\/mens-rubber-coated-barbell\/\",\"name\":\"Men's rubber-coated barbell - Hebei Quanquan International Trade Co., Ltd.\",\"isPartOf\":{\"@id\":\"https:\/\/quanyisports.com\/#website\"},\"primaryImageOfPage\":{\"@id\":\"https:\/\/quanyisports.com\/product\/mens-rubber-coated-barbell\/#primaryimage\"},\"image\":{\"@id\":\"https:\/\/quanyisports.com\/product\/mens-rubber-coated-barbell\/#primaryimage\"},\"thumbnailUrl\":\"https:\/\/quanyisports.com\/wp-content\/uploads\/2026\/04\/1-6.png\",\"datePublished\":\"2026-04-11T01:39:33+00:00\",\"dateModified\":\"2026-04-11T03:51:36+00:00\",\"breadcrumb\":{\"@id\":\"https:\/\/quanyisports.com\/product\/mens-rubber-coated-barbell\/#breadcrumb\"},\"inLanguage\":\"pt-PT\",\"potentialAction\":[{\"@type\":\"ReadAction\",\"target\":[\"https:\/\/quanyisports.com\/product\/mens-rubber-coated-barbell\/\"]}]},{\"@type\":\"ImageObject\",\"inLanguage\":\"pt-PT\",\"@id\":\"https:\/\/quanyisports.com\/product\/mens-rubber-coated-barbell\/#primaryimage\",\"url\":\"https:\/\/quanyisports.com\/wp-content\/uploads\/2026\/04\/1-6.png\",\"contentUrl\":\"https:\/\/quanyisports.com\/wp-content\/uploads\/2026\/04\/1-6.png\",\"width\":574,\"height\":345},{\"@type\":\"BreadcrumbList\",\"@id\":\"https:\/\/quanyisports.com\/product\/mens-rubber-coated-barbell\/#breadcrumb\",\"itemListElement\":[{\"@type\":\"ListItem\",\"position\":1,\"name\":\"Home\",\"item\":\"https:\/\/quanyisports.com\/\"},{\"@type\":\"ListItem\",\"position\":2,\"name\":\"Product\",\"item\":\"https:\/\/quanyisports.com\/product\/\"},{\"@type\":\"ListItem\",\"position\":3,\"name\":\"Men&#8217;s rubber-coated barbell\"}]},{\"@type\":\"WebSite\",\"@id\":\"https:\/\/quanyisports.com\/#website\",\"url\":\"https:\/\/quanyisports.com\/\",\"name\":\"Hebei Quanquan International Trade Co., Ltd.\",\"description\":\"Hebei Quanquan International Trade Co., Ltd.\",\"potentialAction\":[{\"@type\":\"SearchAction\",\"target\":{\"@type\":\"EntryPoint\",\"urlTemplate\":\"https:\/\/quanyisports.com\/?s={search_term_string}\"},\"query-input\":{\"@type\":\"PropertyValueSpecification\",\"valueRequired\":true,\"valueName\":\"search_term_string\"}}],\"inLanguage\":\"pt-PT\"}]}<\/script>\n<!-- \/ Yoast SEO plugin. -->","yoast_head_json":{"title":"Men's rubber-coated barbell - Hebei Quanquan International Trade Co., Ltd.","robots":{"index":"index","follow":"follow","max-snippet":"max-snippet:-1","max-image-preview":"max-image-preview:large","max-video-preview":"max-video-preview:-1"},"canonical":"https:\/\/quanyisports.com\/pt\/produto\/mens-rubber-coated-barbell\/","og_locale":"pt_PT","og_type":"article","og_title":"Men's rubber-coated barbell - Hebei Quanquan International Trade Co., Ltd.","og_description":"&#x2705;Available in both straight bar &amp; curved bar styles &#x2705;Suitable for diverse training methods, effectively sculpting your physique &#x2705;Knurled grip design for enhanced safety and comfortable holding &#x2705;Made of high-quality steel, safe, sturdy and long-lasting &#x2705;Multiple sizes available to meet different training needs      &#x1f3cb;&#xfe0f;Wide range of fitness equipment &#x1f3a8;We have complete production lines and factories, and can customize products to your needs &#x1f4e6; wholesale pricing &#x26a1; 24-hour response guarantee &#x1f30e; Worldwide shipping available","og_url":"https:\/\/quanyisports.com\/pt\/produto\/mens-rubber-coated-barbell\/","og_site_name":"Hebei Quanquan International Trade Co., Ltd.","article_modified_time":"2026-04-11T03:51:36+00:00","og_image":[{"width":574,"height":345,"url":"https:\/\/quanyisports.com\/wp-content\/uploads\/2026\/04\/1-6.png","type":"image\/png"}],"twitter_card":"summary_large_image","twitter_misc":{"Tempo estimado de leitura":"2 minutos"},"schema":{"@context":"https:\/\/schema.org","@graph":[{"@type":"WebPage","@id":"https:\/\/quanyisports.com\/product\/mens-rubber-coated-barbell\/","url":"https:\/\/quanyisports.com\/product\/mens-rubber-coated-barbell\/","name":"Men's rubber-coated barbell - Hebei Quanquan International Trade Co., Ltd.","isPartOf":{"@id":"https:\/\/quanyisports.com\/#website"},"primaryImageOfPage":{"@id":"https:\/\/quanyisports.com\/product\/mens-rubber-coated-barbell\/#primaryimage"},"image":{"@id":"https:\/\/quanyisports.com\/product\/mens-rubber-coated-barbell\/#primaryimage"},"thumbnailUrl":"https:\/\/quanyisports.com\/wp-content\/uploads\/2026\/04\/1-6.png","datePublished":"2026-04-11T01:39:33+00:00","dateModified":"2026-04-11T03:51:36+00:00","breadcrumb":{"@id":"https:\/\/quanyisports.com\/product\/mens-rubber-coated-barbell\/#breadcrumb"},"inLanguage":"pt-PT","potentialAction":[{"@type":"ReadAction","target":["https:\/\/quanyisports.com\/product\/mens-rubber-coated-barbell\/"]}]},{"@type":"ImageObject","inLanguage":"pt-PT","@id":"https:\/\/quanyisports.com\/product\/mens-rubber-coated-barbell\/#primaryimage","url":"https:\/\/quanyisports.com\/wp-content\/uploads\/2026\/04\/1-6.png","contentUrl":"https:\/\/quanyisports.com\/wp-content\/uploads\/2026\/04\/1-6.png","width":574,"height":345},{"@type":"BreadcrumbList","@id":"https:\/\/quanyisports.com\/product\/mens-rubber-coated-barbell\/#breadcrumb","itemListElement":[{"@type":"ListItem","position":1,"name":"Home","item":"https:\/\/quanyisports.com\/"},{"@type":"ListItem","position":2,"name":"Product","item":"https:\/\/quanyisports.com\/product\/"},{"@type":"ListItem","position":3,"name":"Men&#8217;s rubber-coated barbell"}]},{"@type":"WebSite","@id":"https:\/\/quanyisports.com\/#website","url":"https:\/\/quanyisports.com\/","name":"Hebei Quanquan International Trade Co., Ltd.","description":"Hebei Quanquan International Trade Co., Ltd.","potentialAction":[{"@type":"SearchAction","target":{"@type":"EntryPoint","urlTemplate":"https:\/\/quanyisports.com\/?s={search_term_string}"},"query-input":{"@type":"PropertyValueSpecification","valueRequired":true,"valueName":"search_term_string"}}],"inLanguage":"pt-PT"}]}},"_links":{"self":[{"href":"https:\/\/quanyisports.com\/pt\/wp-json\/wp\/v2\/product\/715","targetHints":{"allow":["GET"]}}],"collection":[{"href":"https:\/\/quanyisports.com\/pt\/wp-json\/wp\/v2\/product"}],"about":[{"href":"https:\/\/quanyisports.com\/pt\/wp-json\/wp\/v2\/types\/product"}],"wp:featuredmedia":[{"embeddable":true,"href":"https:\/\/quanyisports.com\/pt\/wp-json\/wp\/v2\/media\/716"}],"wp:attachment":[{"href":"https:\/\/quanyisports.com\/pt\/wp-json\/wp\/v2\/media?parent=715"}],"wp:term":[{"taxonomy":"product_brand","embeddable":true,"href":"https:\/\/quanyisports.com\/pt\/wp-json\/wp\/v2\/product_brand?post=715"},{"taxonomy":"product_cat","embeddable":true,"href":"https:\/\/quanyisports.com\/pt\/wp-json\/wp\/v2\/product_cat?post=715"},{"taxonomy":"product_tag","embeddable":true,"href":"https:\/\/quanyisports.com\/pt\/wp-json\/wp\/v2\/product_tag?post=715"}],"curies":[{"name":"wp","href":"https:\/\/api.w.org\/{rel}","templated":true}]}}