{"id":735,"date":"2026-04-11T03:46:15","date_gmt":"2026-04-11T03:46:15","guid":{"rendered":"https:\/\/quanyisports.com\/?post_type=product&#038;p=735"},"modified":"2026-04-11T03:49:53","modified_gmt":"2026-04-11T03:49:53","slug":"crank-barbell-set","status":"publish","type":"product","link":"https:\/\/quanyisports.com\/pt\/produto\/crank-barbell-set\/","title":{"rendered":"Conjunto de barra com manivela"},"content":{"rendered":"<p><img loading=\"lazy\" decoding=\"async\" class=\"aligncenter wp-image-744\" src=\"https:\/\/quanyisports.com\/wp-content\/uploads\/2026\/04\/ScreenShot_2026-04-11_114302_388.png\" alt=\"\" width=\"713\" height=\"150\" srcset=\"https:\/\/quanyisports.com\/wp-content\/uploads\/2026\/04\/ScreenShot_2026-04-11_114302_388.png 1584w, https:\/\/quanyisports.com\/wp-content\/uploads\/2026\/04\/ScreenShot_2026-04-11_114302_388-500x105.png 500w, https:\/\/quanyisports.com\/wp-content\/uploads\/2026\/04\/ScreenShot_2026-04-11_114302_388-1200x252.png 1200w, https:\/\/quanyisports.com\/wp-content\/uploads\/2026\/04\/ScreenShot_2026-04-11_114302_388-300x63.png 300w, https:\/\/quanyisports.com\/wp-content\/uploads\/2026\/04\/ScreenShot_2026-04-11_114302_388-768x161.png 768w, https:\/\/quanyisports.com\/wp-content\/uploads\/2026\/04\/ScreenShot_2026-04-11_114302_388-1536x323.png 1536w, https:\/\/quanyisports.com\/wp-content\/uploads\/2026\/04\/ScreenShot_2026-04-11_114302_388-18x4.png 18w, https:\/\/quanyisports.com\/wp-content\/uploads\/2026\/04\/ScreenShot_2026-04-11_114302_388-150x32.png 150w, https:\/\/quanyisports.com\/wp-content\/uploads\/2026\/04\/ScreenShot_2026-04-11_114302_388-480x101.png 480w, https:\/\/quanyisports.com\/wp-content\/uploads\/2026\/04\/ScreenShot_2026-04-11_114302_388-800x168.png 800w\" sizes=\"auto, (max-width:767px) 480px, 713px\" \/><\/p>\n<p><img loading=\"lazy\" decoding=\"async\" class=\"aligncenter wp-image-739\" src=\"https:\/\/quanyisports.com\/wp-content\/uploads\/2026\/04\/3-8.png\" alt=\"\" width=\"699\" height=\"699\" srcset=\"https:\/\/quanyisports.com\/wp-content\/uploads\/2026\/04\/3-8.png 1100w, https:\/\/quanyisports.com\/wp-content\/uploads\/2026\/04\/3-8-500x500.png 500w, https:\/\/quanyisports.com\/wp-content\/uploads\/2026\/04\/3-8-300x300.png 300w, https:\/\/quanyisports.com\/wp-content\/uploads\/2026\/04\/3-8-768x768.png 768w, https:\/\/quanyisports.com\/wp-content\/uploads\/2026\/04\/3-8-12x12.png 12w, https:\/\/quanyisports.com\/wp-content\/uploads\/2026\/04\/3-8-150x150.png 150w, https:\/\/quanyisports.com\/wp-content\/uploads\/2026\/04\/3-8-75x75.png 75w, https:\/\/quanyisports.com\/wp-content\/uploads\/2026\/04\/3-8-480x480.png 480w, https:\/\/quanyisports.com\/wp-content\/uploads\/2026\/04\/3-8-800x800.png 800w\" sizes=\"auto, (max-width:767px) 480px, 699px\" \/> <img loading=\"lazy\" decoding=\"async\" class=\"aligncenter wp-image-746\" src=\"https:\/\/quanyisports.com\/wp-content\/uploads\/2026\/04\/4-7.png\" alt=\"\" width=\"700\" height=\"700\" srcset=\"https:\/\/quanyisports.com\/wp-content\/uploads\/2026\/04\/4-7.png 1100w, https:\/\/quanyisports.com\/wp-content\/uploads\/2026\/04\/4-7-500x500.png 500w, https:\/\/quanyisports.com\/wp-content\/uploads\/2026\/04\/4-7-300x300.png 300w, https:\/\/quanyisports.com\/wp-content\/uploads\/2026\/04\/4-7-768x768.png 768w, https:\/\/quanyisports.com\/wp-content\/uploads\/2026\/04\/4-7-12x12.png 12w, https:\/\/quanyisports.com\/wp-content\/uploads\/2026\/04\/4-7-150x150.png 150w, https:\/\/quanyisports.com\/wp-content\/uploads\/2026\/04\/4-7-75x75.png 75w, https:\/\/quanyisports.com\/wp-content\/uploads\/2026\/04\/4-7-480x480.png 480w, https:\/\/quanyisports.com\/wp-content\/uploads\/2026\/04\/4-7-800x800.png 800w\" sizes=\"auto, (max-width:767px) 480px, 700px\" \/><img loading=\"lazy\" decoding=\"async\" class=\"aligncenter wp-image-741\" src=\"https:\/\/quanyisports.com\/wp-content\/uploads\/2026\/04\/5-6.png\" alt=\"\" width=\"700\" height=\"700\" srcset=\"https:\/\/quanyisports.com\/wp-content\/uploads\/2026\/04\/5-6.png 1100w, https:\/\/quanyisports.com\/wp-content\/uploads\/2026\/04\/5-6-500x500.png 500w, https:\/\/quanyisports.com\/wp-content\/uploads\/2026\/04\/5-6-300x300.png 300w, https:\/\/quanyisports.com\/wp-content\/uploads\/2026\/04\/5-6-768x768.png 768w, https:\/\/quanyisports.com\/wp-content\/uploads\/2026\/04\/5-6-12x12.png 12w, https:\/\/quanyisports.com\/wp-content\/uploads\/2026\/04\/5-6-150x150.png 150w, https:\/\/quanyisports.com\/wp-content\/uploads\/2026\/04\/5-6-75x75.png 75w, https:\/\/quanyisports.com\/wp-content\/uploads\/2026\/04\/5-6-480x480.png 480w, https:\/\/quanyisports.com\/wp-content\/uploads\/2026\/04\/5-6-800x800.png 800w\" sizes=\"auto, (max-width:767px) 480px, 700px\" \/> <img loading=\"lazy\" decoding=\"async\" class=\"aligncenter wp-image-742\" src=\"https:\/\/quanyisports.com\/wp-content\/uploads\/2026\/04\/\u672a\u6807\u9898-2-4.png\" alt=\"\" width=\"700\" height=\"700\" srcset=\"https:\/\/quanyisports.com\/wp-content\/uploads\/2026\/04\/\u672a\u6807\u9898-2-4.png 1100w, https:\/\/quanyisports.com\/wp-content\/uploads\/2026\/04\/\u672a\u6807\u9898-2-4-500x500.png 500w, https:\/\/quanyisports.com\/wp-content\/uploads\/2026\/04\/\u672a\u6807\u9898-2-4-300x300.png 300w, https:\/\/quanyisports.com\/wp-content\/uploads\/2026\/04\/\u672a\u6807\u9898-2-4-768x768.png 768w, https:\/\/quanyisports.com\/wp-content\/uploads\/2026\/04\/\u672a\u6807\u9898-2-4-12x12.png 12w, https:\/\/quanyisports.com\/wp-content\/uploads\/2026\/04\/\u672a\u6807\u9898-2-4-150x150.png 150w, https:\/\/quanyisports.com\/wp-content\/uploads\/2026\/04\/\u672a\u6807\u9898-2-4-75x75.png 75w, https:\/\/quanyisports.com\/wp-content\/uploads\/2026\/04\/\u672a\u6807\u9898-2-4-480x480.png 480w, https:\/\/quanyisports.com\/wp-content\/uploads\/2026\/04\/\u672a\u6807\u9898-2-4-800x800.png 800w\" sizes=\"auto, (max-width:767px) 480px, 700px\" \/> <img loading=\"lazy\" decoding=\"async\" class=\"aligncenter wp-image-743\" src=\"https:\/\/quanyisports.com\/wp-content\/uploads\/2026\/04\/\u672a\u6807\u9898-2-5.png\" alt=\"\" width=\"700\" height=\"700\" srcset=\"https:\/\/quanyisports.com\/wp-content\/uploads\/2026\/04\/\u672a\u6807\u9898-2-5.png 1100w, https:\/\/quanyisports.com\/wp-content\/uploads\/2026\/04\/\u672a\u6807\u9898-2-5-500x500.png 500w, https:\/\/quanyisports.com\/wp-content\/uploads\/2026\/04\/\u672a\u6807\u9898-2-5-300x300.png 300w, https:\/\/quanyisports.com\/wp-content\/uploads\/2026\/04\/\u672a\u6807\u9898-2-5-768x768.png 768w, https:\/\/quanyisports.com\/wp-content\/uploads\/2026\/04\/\u672a\u6807\u9898-2-5-12x12.png 12w, https:\/\/quanyisports.com\/wp-content\/uploads\/2026\/04\/\u672a\u6807\u9898-2-5-150x150.png 150w, https:\/\/quanyisports.com\/wp-content\/uploads\/2026\/04\/\u672a\u6807\u9898-2-5-75x75.png 75w, https:\/\/quanyisports.com\/wp-content\/uploads\/2026\/04\/\u672a\u6807\u9898-2-5-480x480.png 480w, https:\/\/quanyisports.com\/wp-content\/uploads\/2026\/04\/\u672a\u6807\u9898-2-5-800x800.png 800w\" sizes=\"auto, (max-width:767px) 480px, 700px\" \/><\/p>","protected":false},"excerpt":{"rendered":"<div data-page-id=\"UpwMdjUMpoJR2txgmVEcjY7Anyc\" data-lark-html-role=\"root\" data-docx-has-block-data=\"false\">\n<div class=\"old-record-id-BgJvdkzwpoNldFxxDTKclZU4n9e\">&#x2705;Straight and curved bar options available<\/div>\n<\/div>\n<div data-page-id=\"UpwMdjUMpoJR2txgmVEcjY7Anyc\" data-lark-html-role=\"root\" data-docx-has-block-data=\"false\">\n<div class=\"old-record-id-BgJvdkzwpoNldFxxDTKclZU4n9e\">&#x2705;One-stop comprehensive fitness training<\/div>\n<\/div>\n<div data-page-id=\"UpwMdjUMpoJR2txgmVEcjY7Anyc\" data-lark-html-role=\"root\" data-docx-has-block-data=\"false\">\n<div class=\"old-record-id-BgJvdkzwpoNldFxxDTKclZU4n9e\">&#x2705;One-piece molding, drop-resistant and wear-resistant<\/div>\n<\/div>\n<div data-page-id=\"UpwMdjUMpoJR2txgmVEcjY7Anyc\" data-lark-html-role=\"root\" data-docx-has-block-data=\"false\">\n<div class=\"old-record-id-BgJvdkzwpoNldFxxDTKclZU4n9e\">&#x2705;Customizable colors and logos available<\/div>\n<\/div>\n<div data-page-id=\"UpwMdjUMpoJR2txgmVEcjY7Anyc\" data-lark-html-role=\"root\" data-docx-has-block-data=\"false\">\n<div class=\"old-record-id-BgJvdkzwpoNldFxxDTKclZU4n9e\">&#x2705;Pure steel knurled electroplated handle, comfortable and non-slip<\/div>\n<\/div>\n<div data-page-id=\"UpwMdjUMpoJR2txgmVEcjY7Anyc\" data-lark-html-role=\"root\" data-docx-has-block-data=\"false\">\n<div class=\"old-record-id-BgJvdkzwpoNldFxxDTKclZU4n9e\">&#x2705;Rubber-coated, wear-resistant and scratch-resistant floor<\/div>\n<\/div>\n<div data-page-id=\"UpwMdjUMpoJR2txgmVEcjY7Anyc\" data-lark-html-role=\"root\" data-docx-has-block-data=\"false\">\n<div class=\"old-record-id-BgJvdkzwpoNldFxxDTKclZU4n9e\">&#x2705;High-quality steel forging, superior core material<\/div>\n<div>\n<hr \/>\n<div data-page-id=\"UpwMdjUMpoJR2txgmVEcjY7Anyc\" data-lark-html-role=\"root\" data-docx-has-block-data=\"false\">\n<div class=\"ace-line ace-line old-record-id-Ja4fdlkWOoq9e1xPMFIccTpdnfh\">\ud83c\udfcb\ufe0fAmpla variedade de equipamentos de gin\u00e1stica<\/div>\n<div class=\"ace-line ace-line old-record-id-IAi7dAJUBoosBFx8C6ccEN8vnUg\">\ud83c\udfa8Possu\u00edmos linhas de produ\u00e7\u00e3o e f\u00e1bricas completas, e podemos personalizar produtos de acordo com as suas necessidades.<\/div>\n<div class=\"ace-line ace-line old-record-id-J6sqdjOxfowR4IxDHEmcfzgtn6c\">\ud83d\udce6 Pre\u00e7os de atacado<\/div>\n<div class=\"ace-line ace-line old-record-id-OwZwd8tjEoa1LfxKLEAcb0FUncj\">\u26a1 Garantia de resposta em 24 horas<\/div>\n<div class=\"ace-line ace-line old-record-id-C3abdXnjlo5sqCxo33kcTomEnbc\">\ud83c\udf0e Envio internacional dispon\u00edvel<\/div>\n<\/div>\n<\/div>\n<\/div>","protected":false},"featured_media":736,"template":"","meta":[],"product_brand":[],"product_cat":[28],"product_tag":[],"class_list":{"0":"post-735","1":"product","2":"type-product","3":"status-publish","4":"has-post-thumbnail","6":"product_cat-barbells","8":"first","9":"instock","10":"shipping-taxable","11":"product-type-external"},"yoast_head":"<!-- This site is optimized with the Yoast SEO plugin v26.6 - https:\/\/yoast.com\/wordpress\/plugins\/seo\/ -->\n<title>Crank barbell set - Hebei Quanquan International Trade Co., Ltd.<\/title>\n<meta name=\"robots\" content=\"index, follow, max-snippet:-1, max-image-preview:large, max-video-preview:-1\" \/>\n<link rel=\"canonical\" href=\"https:\/\/quanyisports.com\/pt\/produto\/crank-barbell-set\/\" \/>\n<meta property=\"og:locale\" content=\"pt_PT\" \/>\n<meta property=\"og:type\" content=\"article\" \/>\n<meta property=\"og:title\" content=\"Crank barbell set - Hebei Quanquan International Trade Co., Ltd.\" \/>\n<meta property=\"og:description\" content=\"&#x2705;Straight and curved bar options available   &#x2705;One-stop comprehensive fitness training   &#x2705;One-piece molding, drop-resistant and wear-resistant   &#x2705;Customizable colors and logos available   &#x2705;Pure steel knurled electroplated handle, comfortable and non-slip   &#x2705;Rubber-coated, wear-resistant and scratch-resistant floor   &#x2705;High-quality steel forging, superior core material      &#x1f3cb;&#xfe0f;Wide range of fitness equipment &#x1f3a8;We have complete production lines and factories, and can customize products to your needs &#x1f4e6; wholesale pricing &#x26a1; 24-hour response guarantee &#x1f30e; Worldwide shipping available\" \/>\n<meta property=\"og:url\" content=\"https:\/\/quanyisports.com\/pt\/produto\/crank-barbell-set\/\" \/>\n<meta property=\"og:site_name\" content=\"Hebei Quanquan International Trade Co., Ltd.\" \/>\n<meta property=\"article:modified_time\" content=\"2026-04-11T03:49:53+00:00\" \/>\n<meta property=\"og:image\" content=\"https:\/\/quanyisports.com\/wp-content\/uploads\/2026\/04\/1-8.png\" \/>\n\t<meta property=\"og:image:width\" content=\"639\" \/>\n\t<meta property=\"og:image:height\" content=\"419\" \/>\n\t<meta property=\"og:image:type\" content=\"image\/png\" \/>\n<meta name=\"twitter:card\" content=\"summary_large_image\" \/>\n<meta name=\"twitter:label1\" content=\"Tempo estimado de leitura\" \/>\n\t<meta name=\"twitter:data1\" content=\"2 minutos\" \/>\n<script type=\"application\/ld+json\" class=\"yoast-schema-graph\">{\"@context\":\"https:\/\/schema.org\",\"@graph\":[{\"@type\":\"WebPage\",\"@id\":\"https:\/\/quanyisports.com\/product\/crank-barbell-set\/\",\"url\":\"https:\/\/quanyisports.com\/product\/crank-barbell-set\/\",\"name\":\"Crank barbell set - Hebei Quanquan International Trade Co., Ltd.\",\"isPartOf\":{\"@id\":\"https:\/\/quanyisports.com\/#website\"},\"primaryImageOfPage\":{\"@id\":\"https:\/\/quanyisports.com\/product\/crank-barbell-set\/#primaryimage\"},\"image\":{\"@id\":\"https:\/\/quanyisports.com\/product\/crank-barbell-set\/#primaryimage\"},\"thumbnailUrl\":\"https:\/\/quanyisports.com\/wp-content\/uploads\/2026\/04\/1-8.png\",\"datePublished\":\"2026-04-11T03:46:15+00:00\",\"dateModified\":\"2026-04-11T03:49:53+00:00\",\"breadcrumb\":{\"@id\":\"https:\/\/quanyisports.com\/product\/crank-barbell-set\/#breadcrumb\"},\"inLanguage\":\"pt-PT\",\"potentialAction\":[{\"@type\":\"ReadAction\",\"target\":[\"https:\/\/quanyisports.com\/product\/crank-barbell-set\/\"]}]},{\"@type\":\"ImageObject\",\"inLanguage\":\"pt-PT\",\"@id\":\"https:\/\/quanyisports.com\/product\/crank-barbell-set\/#primaryimage\",\"url\":\"https:\/\/quanyisports.com\/wp-content\/uploads\/2026\/04\/1-8.png\",\"contentUrl\":\"https:\/\/quanyisports.com\/wp-content\/uploads\/2026\/04\/1-8.png\",\"width\":639,\"height\":419},{\"@type\":\"BreadcrumbList\",\"@id\":\"https:\/\/quanyisports.com\/product\/crank-barbell-set\/#breadcrumb\",\"itemListElement\":[{\"@type\":\"ListItem\",\"position\":1,\"name\":\"Home\",\"item\":\"https:\/\/quanyisports.com\/\"},{\"@type\":\"ListItem\",\"position\":2,\"name\":\"Product\",\"item\":\"https:\/\/quanyisports.com\/product\/\"},{\"@type\":\"ListItem\",\"position\":3,\"name\":\"Crank barbell set\"}]},{\"@type\":\"WebSite\",\"@id\":\"https:\/\/quanyisports.com\/#website\",\"url\":\"https:\/\/quanyisports.com\/\",\"name\":\"Hebei Quanquan International Trade Co., Ltd.\",\"description\":\"Hebei Quanquan International Trade Co., Ltd.\",\"potentialAction\":[{\"@type\":\"SearchAction\",\"target\":{\"@type\":\"EntryPoint\",\"urlTemplate\":\"https:\/\/quanyisports.com\/?s={search_term_string}\"},\"query-input\":{\"@type\":\"PropertyValueSpecification\",\"valueRequired\":true,\"valueName\":\"search_term_string\"}}],\"inLanguage\":\"pt-PT\"}]}<\/script>\n<!-- \/ Yoast SEO plugin. -->","yoast_head_json":{"title":"Crank barbell set - Hebei Quanquan International Trade Co., Ltd.","robots":{"index":"index","follow":"follow","max-snippet":"max-snippet:-1","max-image-preview":"max-image-preview:large","max-video-preview":"max-video-preview:-1"},"canonical":"https:\/\/quanyisports.com\/pt\/produto\/crank-barbell-set\/","og_locale":"pt_PT","og_type":"article","og_title":"Crank barbell set - Hebei Quanquan International Trade Co., Ltd.","og_description":"&#x2705;Straight and curved bar options available   &#x2705;One-stop comprehensive fitness training   &#x2705;One-piece molding, drop-resistant and wear-resistant   &#x2705;Customizable colors and logos available   &#x2705;Pure steel knurled electroplated handle, comfortable and non-slip   &#x2705;Rubber-coated, wear-resistant and scratch-resistant floor   &#x2705;High-quality steel forging, superior core material      &#x1f3cb;&#xfe0f;Wide range of fitness equipment &#x1f3a8;We have complete production lines and factories, and can customize products to your needs &#x1f4e6; wholesale pricing &#x26a1; 24-hour response guarantee &#x1f30e; Worldwide shipping available","og_url":"https:\/\/quanyisports.com\/pt\/produto\/crank-barbell-set\/","og_site_name":"Hebei Quanquan International Trade Co., Ltd.","article_modified_time":"2026-04-11T03:49:53+00:00","og_image":[{"width":639,"height":419,"url":"https:\/\/quanyisports.com\/wp-content\/uploads\/2026\/04\/1-8.png","type":"image\/png"}],"twitter_card":"summary_large_image","twitter_misc":{"Tempo estimado de leitura":"2 minutos"},"schema":{"@context":"https:\/\/schema.org","@graph":[{"@type":"WebPage","@id":"https:\/\/quanyisports.com\/product\/crank-barbell-set\/","url":"https:\/\/quanyisports.com\/product\/crank-barbell-set\/","name":"Crank barbell set - Hebei Quanquan International Trade Co., Ltd.","isPartOf":{"@id":"https:\/\/quanyisports.com\/#website"},"primaryImageOfPage":{"@id":"https:\/\/quanyisports.com\/product\/crank-barbell-set\/#primaryimage"},"image":{"@id":"https:\/\/quanyisports.com\/product\/crank-barbell-set\/#primaryimage"},"thumbnailUrl":"https:\/\/quanyisports.com\/wp-content\/uploads\/2026\/04\/1-8.png","datePublished":"2026-04-11T03:46:15+00:00","dateModified":"2026-04-11T03:49:53+00:00","breadcrumb":{"@id":"https:\/\/quanyisports.com\/product\/crank-barbell-set\/#breadcrumb"},"inLanguage":"pt-PT","potentialAction":[{"@type":"ReadAction","target":["https:\/\/quanyisports.com\/product\/crank-barbell-set\/"]}]},{"@type":"ImageObject","inLanguage":"pt-PT","@id":"https:\/\/quanyisports.com\/product\/crank-barbell-set\/#primaryimage","url":"https:\/\/quanyisports.com\/wp-content\/uploads\/2026\/04\/1-8.png","contentUrl":"https:\/\/quanyisports.com\/wp-content\/uploads\/2026\/04\/1-8.png","width":639,"height":419},{"@type":"BreadcrumbList","@id":"https:\/\/quanyisports.com\/product\/crank-barbell-set\/#breadcrumb","itemListElement":[{"@type":"ListItem","position":1,"name":"Home","item":"https:\/\/quanyisports.com\/"},{"@type":"ListItem","position":2,"name":"Product","item":"https:\/\/quanyisports.com\/product\/"},{"@type":"ListItem","position":3,"name":"Crank barbell set"}]},{"@type":"WebSite","@id":"https:\/\/quanyisports.com\/#website","url":"https:\/\/quanyisports.com\/","name":"Hebei Quanquan International Trade Co., Ltd.","description":"Hebei Quanquan International Trade Co., Ltd.","potentialAction":[{"@type":"SearchAction","target":{"@type":"EntryPoint","urlTemplate":"https:\/\/quanyisports.com\/?s={search_term_string}"},"query-input":{"@type":"PropertyValueSpecification","valueRequired":true,"valueName":"search_term_string"}}],"inLanguage":"pt-PT"}]}},"_links":{"self":[{"href":"https:\/\/quanyisports.com\/pt\/wp-json\/wp\/v2\/product\/735","targetHints":{"allow":["GET"]}}],"collection":[{"href":"https:\/\/quanyisports.com\/pt\/wp-json\/wp\/v2\/product"}],"about":[{"href":"https:\/\/quanyisports.com\/pt\/wp-json\/wp\/v2\/types\/product"}],"wp:featuredmedia":[{"embeddable":true,"href":"https:\/\/quanyisports.com\/pt\/wp-json\/wp\/v2\/media\/736"}],"wp:attachment":[{"href":"https:\/\/quanyisports.com\/pt\/wp-json\/wp\/v2\/media?parent=735"}],"wp:term":[{"taxonomy":"product_brand","embeddable":true,"href":"https:\/\/quanyisports.com\/pt\/wp-json\/wp\/v2\/product_brand?post=735"},{"taxonomy":"product_cat","embeddable":true,"href":"https:\/\/quanyisports.com\/pt\/wp-json\/wp\/v2\/product_cat?post=735"},{"taxonomy":"product_tag","embeddable":true,"href":"https:\/\/quanyisports.com\/pt\/wp-json\/wp\/v2\/product_tag?post=735"}],"curies":[{"name":"wp","href":"https:\/\/api.w.org\/{rel}","templated":true}]}}