{"id":775,"date":"2026-04-11T08:33:16","date_gmt":"2026-04-11T08:33:16","guid":{"rendered":"https:\/\/quanyisports.com\/?post_type=product&#038;p=775"},"modified":"2026-04-11T08:33:16","modified_gmt":"2026-04-11T08:33:16","slug":"cast-iron-weightlifting-plates-competition-weightlifting-plates-barbell-plates","status":"publish","type":"product","link":"https:\/\/quanyisports.com\/pt\/produto\/cast-iron-weightlifting-plates-competition-weightlifting-plates-barbell-plates\/","title":{"rendered":"Anilhas de ferro fundido para levantamento de peso, anilhas para competi\u00e7\u00e3o de levantamento de peso, anilhas para barra."},"content":{"rendered":"<p>Nome do produto: Anilhas para levantamento de peso<br \/>\nMaterial: Ferro fundido com pintura eletrost\u00e1tica<br \/>\nPersonaliza\u00e7\u00e3o: Personaliza\u00e7\u00e3o dispon\u00edvel (LOGOTIPO)<br \/>\nEspecifica\u00e7\u00f5es: V\u00e1rios tamanhos dispon\u00edveis: 1,25, 2,5, 5, 10, 15, 20, 25 kg (personaliza\u00e7\u00e3o dispon\u00edvel)<br \/>\nCaracter\u00edsticas: Anilhas de barra com tr\u00eas furos para pegada, moldagem em pe\u00e7a \u00fanica.<br \/>\nAplica\u00e7\u00f5es: Treinamento de for\u00e7a, condicionamento f\u00edsico, esportes<img loading=\"lazy\" decoding=\"async\" class=\"aligncenter  wp-image-784\" src=\"https:\/\/quanyisports.com\/wp-content\/uploads\/2026\/04\/Hb910c02f8e3846c8b5e032d3a0464ea4i.jpg\" alt=\"\" width=\"603\" height=\"603\" srcset=\"https:\/\/quanyisports.com\/wp-content\/uploads\/2026\/04\/Hb910c02f8e3846c8b5e032d3a0464ea4i.jpg 600w, https:\/\/quanyisports.com\/wp-content\/uploads\/2026\/04\/Hb910c02f8e3846c8b5e032d3a0464ea4i-500x500.jpg 500w, https:\/\/quanyisports.com\/wp-content\/uploads\/2026\/04\/Hb910c02f8e3846c8b5e032d3a0464ea4i-300x300.jpg 300w, https:\/\/quanyisports.com\/wp-content\/uploads\/2026\/04\/Hb910c02f8e3846c8b5e032d3a0464ea4i-12x12.jpg 12w, https:\/\/quanyisports.com\/wp-content\/uploads\/2026\/04\/Hb910c02f8e3846c8b5e032d3a0464ea4i-150x150.jpg 150w, https:\/\/quanyisports.com\/wp-content\/uploads\/2026\/04\/Hb910c02f8e3846c8b5e032d3a0464ea4i-75x75.jpg 75w, https:\/\/quanyisports.com\/wp-content\/uploads\/2026\/04\/Hb910c02f8e3846c8b5e032d3a0464ea4i-480x480.jpg 480w\" sizes=\"auto, (max-width:767px) 480px, 603px\" \/> <img loading=\"lazy\" decoding=\"async\" class=\"aligncenter  wp-image-785\" src=\"https:\/\/quanyisports.com\/wp-content\/uploads\/2026\/04\/ScreenShot_2026-04-11_160137_834.png\" alt=\"\" width=\"600\" height=\"418\" srcset=\"https:\/\/quanyisports.com\/wp-content\/uploads\/2026\/04\/ScreenShot_2026-04-11_160137_834.png 996w, https:\/\/quanyisports.com\/wp-content\/uploads\/2026\/04\/ScreenShot_2026-04-11_160137_834-500x348.png 500w, https:\/\/quanyisports.com\/wp-content\/uploads\/2026\/04\/ScreenShot_2026-04-11_160137_834-300x209.png 300w, https:\/\/quanyisports.com\/wp-content\/uploads\/2026\/04\/ScreenShot_2026-04-11_160137_834-768x534.png 768w, https:\/\/quanyisports.com\/wp-content\/uploads\/2026\/04\/ScreenShot_2026-04-11_160137_834-18x12.png 18w, https:\/\/quanyisports.com\/wp-content\/uploads\/2026\/04\/ScreenShot_2026-04-11_160137_834-108x75.png 108w, https:\/\/quanyisports.com\/wp-content\/uploads\/2026\/04\/ScreenShot_2026-04-11_160137_834-480x334.png 480w, https:\/\/quanyisports.com\/wp-content\/uploads\/2026\/04\/ScreenShot_2026-04-11_160137_834-800x557.png 800w\" sizes=\"auto, (max-width:767px) 480px, 600px\" \/><img loading=\"lazy\" decoding=\"async\" class=\"aligncenter  wp-image-777\" src=\"https:\/\/quanyisports.com\/wp-content\/uploads\/2026\/04\/11-2.png\" alt=\"\" width=\"601\" height=\"601\" srcset=\"https:\/\/quanyisports.com\/wp-content\/uploads\/2026\/04\/11-2.png 1100w, https:\/\/quanyisports.com\/wp-content\/uploads\/2026\/04\/11-2-500x500.png 500w, https:\/\/quanyisports.com\/wp-content\/uploads\/2026\/04\/11-2-300x300.png 300w, https:\/\/quanyisports.com\/wp-content\/uploads\/2026\/04\/11-2-768x768.png 768w, https:\/\/quanyisports.com\/wp-content\/uploads\/2026\/04\/11-2-12x12.png 12w, https:\/\/quanyisports.com\/wp-content\/uploads\/2026\/04\/11-2-150x150.png 150w, https:\/\/quanyisports.com\/wp-content\/uploads\/2026\/04\/11-2-75x75.png 75w, https:\/\/quanyisports.com\/wp-content\/uploads\/2026\/04\/11-2-480x480.png 480w, https:\/\/quanyisports.com\/wp-content\/uploads\/2026\/04\/11-2-800x800.png 800w\" sizes=\"auto, (max-width:767px) 480px, 601px\" \/> <img loading=\"lazy\" decoding=\"async\" class=\"aligncenter  wp-image-778\" src=\"https:\/\/quanyisports.com\/wp-content\/uploads\/2026\/04\/22-2.png\" alt=\"\" width=\"602\" height=\"602\" srcset=\"https:\/\/quanyisports.com\/wp-content\/uploads\/2026\/04\/22-2.png 1100w, https:\/\/quanyisports.com\/wp-content\/uploads\/2026\/04\/22-2-500x500.png 500w, https:\/\/quanyisports.com\/wp-content\/uploads\/2026\/04\/22-2-300x300.png 300w, https:\/\/quanyisports.com\/wp-content\/uploads\/2026\/04\/22-2-768x768.png 768w, https:\/\/quanyisports.com\/wp-content\/uploads\/2026\/04\/22-2-12x12.png 12w, https:\/\/quanyisports.com\/wp-content\/uploads\/2026\/04\/22-2-150x150.png 150w, https:\/\/quanyisports.com\/wp-content\/uploads\/2026\/04\/22-2-75x75.png 75w, https:\/\/quanyisports.com\/wp-content\/uploads\/2026\/04\/22-2-480x480.png 480w, https:\/\/quanyisports.com\/wp-content\/uploads\/2026\/04\/22-2-800x800.png 800w\" sizes=\"auto, (max-width:767px) 480px, 602px\" \/> <img loading=\"lazy\" decoding=\"async\" class=\"aligncenter  wp-image-779\" src=\"https:\/\/quanyisports.com\/wp-content\/uploads\/2026\/04\/33-2.png\" alt=\"\" width=\"601\" height=\"601\" srcset=\"https:\/\/quanyisports.com\/wp-content\/uploads\/2026\/04\/33-2.png 1100w, https:\/\/quanyisports.com\/wp-content\/uploads\/2026\/04\/33-2-500x500.png 500w, https:\/\/quanyisports.com\/wp-content\/uploads\/2026\/04\/33-2-300x300.png 300w, https:\/\/quanyisports.com\/wp-content\/uploads\/2026\/04\/33-2-768x768.png 768w, https:\/\/quanyisports.com\/wp-content\/uploads\/2026\/04\/33-2-12x12.png 12w, https:\/\/quanyisports.com\/wp-content\/uploads\/2026\/04\/33-2-150x150.png 150w, https:\/\/quanyisports.com\/wp-content\/uploads\/2026\/04\/33-2-75x75.png 75w, https:\/\/quanyisports.com\/wp-content\/uploads\/2026\/04\/33-2-480x480.png 480w, https:\/\/quanyisports.com\/wp-content\/uploads\/2026\/04\/33-2-800x800.png 800w\" sizes=\"auto, (max-width:767px) 480px, 601px\" \/><\/p>","protected":false},"excerpt":{"rendered":"<div data-page-id=\"UpwMdjUMpoJR2txgmVEcjY7Anyc\" data-lark-html-role=\"root\" data-docx-has-block-data=\"false\">\n<div class=\"old-record-id-BgJvdkzwpoNldFxxDTKclZU4n9e\">\u2705Moldagem em pe\u00e7a \u00fanica, ferro fundido de precis\u00e3o<\/div>\n<\/div>\n<div data-page-id=\"UpwMdjUMpoJR2txgmVEcjY7Anyc\" data-lark-html-role=\"root\" data-docx-has-block-data=\"false\">\n<div class=\"old-record-id-BgJvdkzwpoNldFxxDTKclZU4n9e\">\u2705V\u00e1rias especifica\u00e7\u00f5es dispon\u00edveis<\/div>\n<\/div>\n<div data-page-id=\"UpwMdjUMpoJR2txgmVEcjY7Anyc\" data-lark-html-role=\"root\" data-docx-has-block-data=\"false\">\n<div class=\"old-record-id-BgJvdkzwpoNldFxxDTKclZU4n9e\">\u2705Vendas diretas da f\u00e1brica, pre\u00e7os preferenciais, suporte para personaliza\u00e7\u00e3o<\/div>\n<\/div>\n<div data-page-id=\"UpwMdjUMpoJR2txgmVEcjY7Anyc\" data-lark-html-role=\"root\" data-docx-has-block-data=\"false\">\n<div class=\"old-record-id-BgJvdkzwpoNldFxxDTKclZU4n9e\">\u2705Anilhas de ferro fundido para levantamento de peso, anilhas para competi\u00e7\u00e3o, anilhas para barra<\/p>\n<hr \/>\n<div data-page-id=\"UpwMdjUMpoJR2txgmVEcjY7Anyc\" data-lark-html-role=\"root\" data-docx-has-block-data=\"false\">\n<div class=\"ace-line ace-line old-record-id-Ja4fdlkWOoq9e1xPMFIccTpdnfh\">\ud83c\udfcb\ufe0fAmpla variedade de equipamentos de gin\u00e1stica<\/div>\n<div class=\"ace-line ace-line old-record-id-IAi7dAJUBoosBFx8C6ccEN8vnUg\">\ud83c\udfa8Possu\u00edmos linhas de produ\u00e7\u00e3o e f\u00e1bricas completas, e podemos personalizar produtos de acordo com as suas necessidades.<\/div>\n<div class=\"ace-line ace-line old-record-id-J6sqdjOxfowR4IxDHEmcfzgtn6c\">\ud83d\udce6 Pre\u00e7os de atacado<\/div>\n<div class=\"ace-line ace-line old-record-id-OwZwd8tjEoa1LfxKLEAcb0FUncj\">\u26a1 Garantia de resposta em 24 horas<\/div>\n<div class=\"ace-line ace-line old-record-id-C3abdXnjlo5sqCxo33kcTomEnbc\">\ud83c\udf0e Envio internacional dispon\u00edvel<\/div>\n<\/div>\n<\/div>\n<\/div>","protected":false},"featured_media":780,"template":"","meta":[],"product_brand":[],"product_cat":[30],"product_tag":[],"class_list":{"0":"post-775","1":"product","2":"type-product","3":"status-publish","4":"has-post-thumbnail","6":"product_cat-weight-plates","8":"first","9":"instock","10":"shipping-taxable","11":"product-type-external"},"yoast_head":"<!-- This site is optimized with the Yoast SEO plugin v26.6 - https:\/\/yoast.com\/wordpress\/plugins\/seo\/ -->\n<title>Cast iron weightlifting plates, competition weightlifting plates, barbell plates - Hebei Quanquan International Trade Co., Ltd.<\/title>\n<meta name=\"robots\" content=\"index, follow, max-snippet:-1, max-image-preview:large, max-video-preview:-1\" \/>\n<link rel=\"canonical\" href=\"https:\/\/quanyisports.com\/pt\/produto\/cast-iron-weightlifting-plates-competition-weightlifting-plates-barbell-plates\/\" \/>\n<meta property=\"og:locale\" content=\"pt_PT\" \/>\n<meta property=\"og:type\" content=\"article\" \/>\n<meta property=\"og:title\" content=\"Cast iron weightlifting plates, competition weightlifting plates, barbell plates - Hebei Quanquan International Trade Co., Ltd.\" \/>\n<meta property=\"og:description\" content=\"&#x2705;One-piece molding, precision cast iron   &#x2705;Multiple specifications available   &#x2705;Factory direct sales, preferential prices, customization supported   &#x2705;Cast iron weightlifting plates, competition weightlifting plates, barbell plates     &#x1f3cb;&#xfe0f;Wide range of fitness equipment &#x1f3a8;We have complete production lines and factories, and can customize products to your needs &#x1f4e6; wholesale pricing &#x26a1; 24-hour response guarantee &#x1f30e; Worldwide shipping available\" \/>\n<meta property=\"og:url\" content=\"https:\/\/quanyisports.com\/pt\/produto\/cast-iron-weightlifting-plates-competition-weightlifting-plates-barbell-plates\/\" \/>\n<meta property=\"og:site_name\" content=\"Hebei Quanquan International Trade Co., Ltd.\" \/>\n<meta property=\"og:image\" content=\"https:\/\/quanyisports.com\/wp-content\/uploads\/2026\/04\/Hd4aff925380b43aba58fd774e7c027c53.jpg\" \/>\n\t<meta property=\"og:image:width\" content=\"600\" \/>\n\t<meta property=\"og:image:height\" content=\"600\" \/>\n\t<meta property=\"og:image:type\" content=\"image\/jpeg\" \/>\n<meta name=\"twitter:card\" content=\"summary_large_image\" \/>\n<meta name=\"twitter:label1\" content=\"Tempo estimado de leitura\" \/>\n\t<meta name=\"twitter:data1\" content=\"2 minutos\" \/>\n<script type=\"application\/ld+json\" class=\"yoast-schema-graph\">{\"@context\":\"https:\/\/schema.org\",\"@graph\":[{\"@type\":\"WebPage\",\"@id\":\"https:\/\/quanyisports.com\/product\/cast-iron-weightlifting-plates-competition-weightlifting-plates-barbell-plates\/\",\"url\":\"https:\/\/quanyisports.com\/product\/cast-iron-weightlifting-plates-competition-weightlifting-plates-barbell-plates\/\",\"name\":\"Cast iron weightlifting plates, competition weightlifting plates, barbell plates - Hebei Quanquan International Trade Co., Ltd.\",\"isPartOf\":{\"@id\":\"https:\/\/quanyisports.com\/#website\"},\"primaryImageOfPage\":{\"@id\":\"https:\/\/quanyisports.com\/product\/cast-iron-weightlifting-plates-competition-weightlifting-plates-barbell-plates\/#primaryimage\"},\"image\":{\"@id\":\"https:\/\/quanyisports.com\/product\/cast-iron-weightlifting-plates-competition-weightlifting-plates-barbell-plates\/#primaryimage\"},\"thumbnailUrl\":\"https:\/\/quanyisports.com\/wp-content\/uploads\/2026\/04\/Hd4aff925380b43aba58fd774e7c027c53.jpg\",\"datePublished\":\"2026-04-11T08:33:16+00:00\",\"breadcrumb\":{\"@id\":\"https:\/\/quanyisports.com\/product\/cast-iron-weightlifting-plates-competition-weightlifting-plates-barbell-plates\/#breadcrumb\"},\"inLanguage\":\"pt-PT\",\"potentialAction\":[{\"@type\":\"ReadAction\",\"target\":[\"https:\/\/quanyisports.com\/product\/cast-iron-weightlifting-plates-competition-weightlifting-plates-barbell-plates\/\"]}]},{\"@type\":\"ImageObject\",\"inLanguage\":\"pt-PT\",\"@id\":\"https:\/\/quanyisports.com\/product\/cast-iron-weightlifting-plates-competition-weightlifting-plates-barbell-plates\/#primaryimage\",\"url\":\"https:\/\/quanyisports.com\/wp-content\/uploads\/2026\/04\/Hd4aff925380b43aba58fd774e7c027c53.jpg\",\"contentUrl\":\"https:\/\/quanyisports.com\/wp-content\/uploads\/2026\/04\/Hd4aff925380b43aba58fd774e7c027c53.jpg\",\"width\":600,\"height\":600},{\"@type\":\"BreadcrumbList\",\"@id\":\"https:\/\/quanyisports.com\/product\/cast-iron-weightlifting-plates-competition-weightlifting-plates-barbell-plates\/#breadcrumb\",\"itemListElement\":[{\"@type\":\"ListItem\",\"position\":1,\"name\":\"Home\",\"item\":\"https:\/\/quanyisports.com\/\"},{\"@type\":\"ListItem\",\"position\":2,\"name\":\"Product\",\"item\":\"https:\/\/quanyisports.com\/product\/\"},{\"@type\":\"ListItem\",\"position\":3,\"name\":\"Cast iron weightlifting plates, competition weightlifting plates, barbell plates\"}]},{\"@type\":\"WebSite\",\"@id\":\"https:\/\/quanyisports.com\/#website\",\"url\":\"https:\/\/quanyisports.com\/\",\"name\":\"Hebei Quanquan International Trade Co., Ltd.\",\"description\":\"Hebei Quanquan International Trade Co., Ltd.\",\"potentialAction\":[{\"@type\":\"SearchAction\",\"target\":{\"@type\":\"EntryPoint\",\"urlTemplate\":\"https:\/\/quanyisports.com\/?s={search_term_string}\"},\"query-input\":{\"@type\":\"PropertyValueSpecification\",\"valueRequired\":true,\"valueName\":\"search_term_string\"}}],\"inLanguage\":\"pt-PT\"}]}<\/script>\n<!-- \/ Yoast SEO plugin. -->","yoast_head_json":{"title":"Cast iron weightlifting plates, competition weightlifting plates, barbell plates - Hebei Quanquan International Trade Co., Ltd.","robots":{"index":"index","follow":"follow","max-snippet":"max-snippet:-1","max-image-preview":"max-image-preview:large","max-video-preview":"max-video-preview:-1"},"canonical":"https:\/\/quanyisports.com\/pt\/produto\/cast-iron-weightlifting-plates-competition-weightlifting-plates-barbell-plates\/","og_locale":"pt_PT","og_type":"article","og_title":"Cast iron weightlifting plates, competition weightlifting plates, barbell plates - Hebei Quanquan International Trade Co., Ltd.","og_description":"&#x2705;One-piece molding, precision cast iron   &#x2705;Multiple specifications available   &#x2705;Factory direct sales, preferential prices, customization supported   &#x2705;Cast iron weightlifting plates, competition weightlifting plates, barbell plates     &#x1f3cb;&#xfe0f;Wide range of fitness equipment &#x1f3a8;We have complete production lines and factories, and can customize products to your needs &#x1f4e6; wholesale pricing &#x26a1; 24-hour response guarantee &#x1f30e; Worldwide shipping available","og_url":"https:\/\/quanyisports.com\/pt\/produto\/cast-iron-weightlifting-plates-competition-weightlifting-plates-barbell-plates\/","og_site_name":"Hebei Quanquan International Trade Co., Ltd.","og_image":[{"width":600,"height":600,"url":"https:\/\/quanyisports.com\/wp-content\/uploads\/2026\/04\/Hd4aff925380b43aba58fd774e7c027c53.jpg","type":"image\/jpeg"}],"twitter_card":"summary_large_image","twitter_misc":{"Tempo estimado de leitura":"2 minutos"},"schema":{"@context":"https:\/\/schema.org","@graph":[{"@type":"WebPage","@id":"https:\/\/quanyisports.com\/product\/cast-iron-weightlifting-plates-competition-weightlifting-plates-barbell-plates\/","url":"https:\/\/quanyisports.com\/product\/cast-iron-weightlifting-plates-competition-weightlifting-plates-barbell-plates\/","name":"Cast iron weightlifting plates, competition weightlifting plates, barbell plates - Hebei Quanquan International Trade Co., Ltd.","isPartOf":{"@id":"https:\/\/quanyisports.com\/#website"},"primaryImageOfPage":{"@id":"https:\/\/quanyisports.com\/product\/cast-iron-weightlifting-plates-competition-weightlifting-plates-barbell-plates\/#primaryimage"},"image":{"@id":"https:\/\/quanyisports.com\/product\/cast-iron-weightlifting-plates-competition-weightlifting-plates-barbell-plates\/#primaryimage"},"thumbnailUrl":"https:\/\/quanyisports.com\/wp-content\/uploads\/2026\/04\/Hd4aff925380b43aba58fd774e7c027c53.jpg","datePublished":"2026-04-11T08:33:16+00:00","breadcrumb":{"@id":"https:\/\/quanyisports.com\/product\/cast-iron-weightlifting-plates-competition-weightlifting-plates-barbell-plates\/#breadcrumb"},"inLanguage":"pt-PT","potentialAction":[{"@type":"ReadAction","target":["https:\/\/quanyisports.com\/product\/cast-iron-weightlifting-plates-competition-weightlifting-plates-barbell-plates\/"]}]},{"@type":"ImageObject","inLanguage":"pt-PT","@id":"https:\/\/quanyisports.com\/product\/cast-iron-weightlifting-plates-competition-weightlifting-plates-barbell-plates\/#primaryimage","url":"https:\/\/quanyisports.com\/wp-content\/uploads\/2026\/04\/Hd4aff925380b43aba58fd774e7c027c53.jpg","contentUrl":"https:\/\/quanyisports.com\/wp-content\/uploads\/2026\/04\/Hd4aff925380b43aba58fd774e7c027c53.jpg","width":600,"height":600},{"@type":"BreadcrumbList","@id":"https:\/\/quanyisports.com\/product\/cast-iron-weightlifting-plates-competition-weightlifting-plates-barbell-plates\/#breadcrumb","itemListElement":[{"@type":"ListItem","position":1,"name":"Home","item":"https:\/\/quanyisports.com\/"},{"@type":"ListItem","position":2,"name":"Product","item":"https:\/\/quanyisports.com\/product\/"},{"@type":"ListItem","position":3,"name":"Cast iron weightlifting plates, competition weightlifting plates, barbell plates"}]},{"@type":"WebSite","@id":"https:\/\/quanyisports.com\/#website","url":"https:\/\/quanyisports.com\/","name":"Hebei Quanquan International Trade Co., Ltd.","description":"Hebei Quanquan International Trade Co., Ltd.","potentialAction":[{"@type":"SearchAction","target":{"@type":"EntryPoint","urlTemplate":"https:\/\/quanyisports.com\/?s={search_term_string}"},"query-input":{"@type":"PropertyValueSpecification","valueRequired":true,"valueName":"search_term_string"}}],"inLanguage":"pt-PT"}]}},"_links":{"self":[{"href":"https:\/\/quanyisports.com\/pt\/wp-json\/wp\/v2\/product\/775","targetHints":{"allow":["GET"]}}],"collection":[{"href":"https:\/\/quanyisports.com\/pt\/wp-json\/wp\/v2\/product"}],"about":[{"href":"https:\/\/quanyisports.com\/pt\/wp-json\/wp\/v2\/types\/product"}],"wp:featuredmedia":[{"embeddable":true,"href":"https:\/\/quanyisports.com\/pt\/wp-json\/wp\/v2\/media\/780"}],"wp:attachment":[{"href":"https:\/\/quanyisports.com\/pt\/wp-json\/wp\/v2\/media?parent=775"}],"wp:term":[{"taxonomy":"product_brand","embeddable":true,"href":"https:\/\/quanyisports.com\/pt\/wp-json\/wp\/v2\/product_brand?post=775"},{"taxonomy":"product_cat","embeddable":true,"href":"https:\/\/quanyisports.com\/pt\/wp-json\/wp\/v2\/product_cat?post=775"},{"taxonomy":"product_tag","embeddable":true,"href":"https:\/\/quanyisports.com\/pt\/wp-json\/wp\/v2\/product_tag?post=775"}],"curies":[{"name":"wp","href":"https:\/\/api.w.org\/{rel}","templated":true}]}}